{"id":108,"date":"2020-06-08T13:04:31","date_gmt":"2020-06-08T13:04:31","guid":{"rendered":"http:\/\/www.museudeseverdovouga.pt\/expo\/?page_id=108"},"modified":"2020-06-08T15:00:40","modified_gmt":"2020-06-08T15:00:40","slug":"roma","status":"publish","type":"page","link":"https:\/\/www.mm-sever.pt\/expo\/roma\/","title":{"rendered":"08 &#8211; Romaniza\u00e7\u00e3o"},"content":{"rendered":"\n<figure class=\"wp-block-image size-large\"><img loading=\"lazy\" decoding=\"async\" width=\"1024\" height=\"768\" src=\"http:\/\/www.museudeseverdovouga.pt\/expo\/wp-content\/uploads\/roma01-1024x768.jpg\" alt=\"\" class=\"wp-image-187\" srcset=\"https:\/\/www.mm-sever.pt\/expo\/wp-content\/uploads\/roma01-1024x768.jpg 1024w, https:\/\/www.mm-sever.pt\/expo\/wp-content\/uploads\/roma01-300x225.jpg 300w, https:\/\/www.mm-sever.pt\/expo\/wp-content\/uploads\/roma01-768x576.jpg 768w, https:\/\/www.mm-sever.pt\/expo\/wp-content\/uploads\/roma01.jpg 1280w\" sizes=\"(max-width: 1024px) 100vw, 1024px\" \/><\/figure>\n\n\n\n<p class=\"has-medium-font-size\">Os primeiros contactos entre os Romanos invasores e os habitantes do territ\u00f3rio de Sever ter\u00e3o ocorrido por altura das campanhas de D\u00e9cimo J\u00fanio Bruto na Pen\u00ednsula Ib\u00e9rica. Nomeado proc\u00f4nsul para a prov\u00edncia da Lusit\u00e2nia em 138 aC, logo a seguir \u00e0 morte de Viriato, o general romano lan\u00e7ou&#8211;se \u00e0 conquista dos Calaicos seguindo, certamente, uma via atl\u00e2ntica passando muito pr\u00f3ximo do atual concelho ou atravessando-o mesmo.<\/p>\n\n\n\n<p class=\"has-medium-font-size\">A ocupa\u00e7\u00e3o do territ\u00f3rio que se deu a seguir levou \u00e0 manuten\u00e7\u00e3o ou abandono dos castros existentes e \u00e0 adapta\u00e7\u00e3o aos novos h\u00e1bitos e nova cultura introduzidos pelos Romanos, tanto na arquitetura como na agricultura ou no planeamento do espa\u00e7o.<\/p>\n\n\n\n<p class=\"has-medium-font-size\">As vias que atravessavam o atual concelho e que ligavam \u00e0 grande espinha dorsal atl\u00e2ntica que era a via Olisipo (Lisboa) \u2013 Bracara Augusta (Braga), escoavam o chumbo, a prata, o estanho e o cobre que eram explorados nas minas do Bra\u00e7al, Malhada e Talhadas. Nestas minas apareceram lucernas, baldes, uma ta\u00e7a de sigillata (cer\u00e2mica fina da \u00e9poca) e outros objetos que, com as vias, constituem os vest\u00edgios mais importantes e vis\u00edveis de h\u00e1 dois mil anos.<\/p>\n\n\n\n<div style=\"height:50px\" aria-hidden=\"true\" class=\"wp-block-spacer\"><\/div>\n\n\n\n<figure class=\"wp-block-gallery columns-2 is-cropped wp-block-gallery-1 is-layout-flex wp-block-gallery-is-layout-flex\"><ul class=\"blocks-gallery-grid\"><li class=\"blocks-gallery-item\"><figure><a href=\"http:\/\/www.museudeseverdovouga.pt\/expo\/wp-content\/uploads\/roma02.jpg\"><img loading=\"lazy\" decoding=\"async\" width=\"1024\" height=\"880\" src=\"http:\/\/www.museudeseverdovouga.pt\/expo\/wp-content\/uploads\/roma02-1024x880.jpg\" alt=\"\" data-id=\"109\" data-full-url=\"http:\/\/www.museudeseverdovouga.pt\/expo\/wp-content\/uploads\/roma02.jpg\" data-link=\"http:\/\/www.museudeseverdovouga.pt\/expo\/?attachment_id=109\" class=\"wp-image-109\" srcset=\"https:\/\/www.mm-sever.pt\/expo\/wp-content\/uploads\/roma02-1024x880.jpg 1024w, https:\/\/www.mm-sever.pt\/expo\/wp-content\/uploads\/roma02-300x258.jpg 300w, https:\/\/www.mm-sever.pt\/expo\/wp-content\/uploads\/roma02-768x660.jpg 768w, https:\/\/www.mm-sever.pt\/expo\/wp-content\/uploads\/roma02.jpg 1280w\" sizes=\"(max-width: 1024px) 100vw, 1024px\" \/><\/a><figcaption class=\"blocks-gallery-item__caption\">Ta\u00e7a em <em>terra sigillata<\/em><br>Minas da Malhada<\/figcaption><\/figure><\/li><li class=\"blocks-gallery-item\"><figure><a href=\"http:\/\/www.museudeseverdovouga.pt\/expo\/wp-content\/uploads\/roma03.jpg\"><img loading=\"lazy\" decoding=\"async\" width=\"1024\" height=\"880\" src=\"http:\/\/www.museudeseverdovouga.pt\/expo\/wp-content\/uploads\/roma03-1024x880.jpg\" alt=\"\" data-id=\"110\" data-full-url=\"http:\/\/www.museudeseverdovouga.pt\/expo\/wp-content\/uploads\/roma03.jpg\" data-link=\"http:\/\/www.museudeseverdovouga.pt\/expo\/?attachment_id=110\" class=\"wp-image-110\" srcset=\"https:\/\/www.mm-sever.pt\/expo\/wp-content\/uploads\/roma03-1024x880.jpg 1024w, https:\/\/www.mm-sever.pt\/expo\/wp-content\/uploads\/roma03-300x258.jpg 300w, https:\/\/www.mm-sever.pt\/expo\/wp-content\/uploads\/roma03-768x660.jpg 768w, https:\/\/www.mm-sever.pt\/expo\/wp-content\/uploads\/roma03.jpg 1280w\" sizes=\"(max-width: 1024px) 100vw, 1024px\" \/><\/a><figcaption class=\"blocks-gallery-item__caption\">Lucernas romanas<br>Minas da malhada<\/figcaption><\/figure><\/li><\/ul><\/figure>\n\n\n\n<p class=\"has-medium-font-size\">As lucernas eram colocadas em pequenos nichos no interior da galeria, fornecendo a \u00fanica ilumina\u00e7\u00e3o que os mineiros viam durante dias, meses ou anos.<\/p>\n\n\n\n<div style=\"height:50px\" aria-hidden=\"true\" class=\"wp-block-spacer\"><\/div>\n\n\n\n<p class=\"has-medium-font-size\"><strong>Para saber mais<\/strong><\/p>\n\n\n\n<ul><li><a rel=\"noreferrer noopener\" href=\"http:\/\/www.museudeseverdovouga.pt\/wikisever\/doku.php?id=bracal_malhada\" target=\"_blank\">Minas do Bra\u00e7al e Malhada<\/a> na WikiSever<\/li><li>AAVV (2013) \u2013 . Sever do Vouga: C\u00e2mara Municipal<\/li><li>Allam, J. L. (1965). <a href=\"http:\/\/www.dgeg.gov.pt?cfl=2446\">A Minera\u00e7\u00e3o de Portugal na Antiguidade<\/a>. <em>Boletim de Minas<\/em>. Lisboa. 2:3, pp. 137-173.<\/li><li>Almeida, J. A. F. de (1953). <a href=\"http:\/\/patrimoniocultural.gov.pt\/static\/data\/publicacoes\/o_arqueologo_portugues\/serie_2\/volume_2\/S2_V2_estudo_lucernas.pdf\">Introdu\u00e7\u00e3o ao estudo das lucernas romanas em Portugal<\/a>. <em>O Arque\u00f3logo Portugu\u00eas<\/em>. Lisboa. S\u00e9rie 2, vol. 2, pp. 5-208.<\/li><li>Martins, C. M. B. (2008). <a href=\"http:\/\/www.mineracaoantiga.com\/congresso\/artigos\/art02.pdf\">A explora\u00e7\u00e3o mineira romana e a metalurgia do ouro em Portugal<\/a>. Braga: Universidade do Minho. Col. Cadernos de Arqueologia. Monografias, 14.<\/li><li>Martins, C. M. B. (2011). <a href=\"http:\/\/patrimoniocultural.gov.pt\/static\/data\/publicacoes\/o_arqueologo_portugues\/serie_5\/volume_1\/mineracao.pdf\">A minera\u00e7\u00e3o do chumbo em \u00e9poca romana. O exemplo das minas de Bra\u00e7al e Malhada (Aveiro)<\/a>, \u201cO Arque\u00f3logo Portugu\u00eas\u201d, s\u00e9rie V, vol. 1: 489-504.<\/li><li>Ramos, F. S. (1979\/1980). <a href=\"http:\/\/www.prof2000.pt\/users\/avcultur\/aveidistrito\/boletim26\/page20.htm\">A explora\u00e7\u00e3o de min\u00e9rios no concelho de Sever do Vouga &#8211; uma ind\u00fastria que foi florescente<\/a>. \u201cAveiro e o seu distrito\u201d, 26\/28.<\/li><li>Ramos, Fernando Soares (1998) \u2013 ). Sever do Vouga: C\u00e2mara Municipal<\/li><\/ul>\n\n\n\n<div style=\"height:50px\" aria-hidden=\"true\" class=\"wp-block-spacer\"><\/div>\n\n\n\n<div class=\"wp-block-buttons aligncenter is-layout-flex wp-block-buttons-is-layout-flex\">\n<div class=\"wp-block-button is-style-outline\"><a class=\"wp-block-button__link\" href=\"http:\/\/www.museudeseverdovouga.pt\/expo\/?page_id=95\">&lt;&lt;&lt; AS IDADES DO BRONZE&#8230;<\/a><\/div>\n\n\n\n<div class=\"wp-block-button is-style-outline\"><a class=\"wp-block-button__link\" href=\"http:\/\/www.museudeseverdovouga.pt\/expo\/?page_id=114\">TEMPOS MEDIEVOS &gt;&gt;&gt;<\/a><\/div>\n<\/div>\n\n\n\n<div style=\"height:50px\" aria-hidden=\"true\" class=\"wp-block-spacer\"><\/div>\n","protected":false},"excerpt":{"rendered":"<p>Os primeiros contactos entre os Romanos invasores e os habitantes do territ\u00f3rio de Sever ter\u00e3o ocorrido por altura das campanhas de D\u00e9cimo J\u00fanio Bruto na Pen\u00ednsula Ib\u00e9rica. Nomeado proc\u00f4nsul para a prov\u00edncia da Lusit\u00e2nia em 138 aC, logo a seguir \u00e0 morte de Viriato, o general romano lan\u00e7ou&#8211;se \u00e0 conquista dos Calaicos seguindo, certamente, uma [&hellip;]<\/p>\n","protected":false},"author":1,"featured_media":0,"parent":0,"menu_order":8,"comment_status":"closed","ping_status":"closed","template":"","meta":{"footnotes":""},"_links":{"self":[{"href":"https:\/\/www.mm-sever.pt\/expo\/wp-json\/wp\/v2\/pages\/108"}],"collection":[{"href":"https:\/\/www.mm-sever.pt\/expo\/wp-json\/wp\/v2\/pages"}],"about":[{"href":"https:\/\/www.mm-sever.pt\/expo\/wp-json\/wp\/v2\/types\/page"}],"author":[{"embeddable":true,"href":"https:\/\/www.mm-sever.pt\/expo\/wp-json\/wp\/v2\/users\/1"}],"replies":[{"embeddable":true,"href":"https:\/\/www.mm-sever.pt\/expo\/wp-json\/wp\/v2\/comments?post=108"}],"version-history":[{"count":3,"href":"https:\/\/www.mm-sever.pt\/expo\/wp-json\/wp\/v2\/pages\/108\/revisions"}],"predecessor-version":[{"id":188,"href":"https:\/\/www.mm-sever.pt\/expo\/wp-json\/wp\/v2\/pages\/108\/revisions\/188"}],"wp:attachment":[{"href":"https:\/\/www.mm-sever.pt\/expo\/wp-json\/wp\/v2\/media?parent=108"}],"curies":[{"name":"wp","href":"https:\/\/api.w.org\/{rel}","templated":true}]}}