{"id":114,"date":"2020-06-08T13:15:25","date_gmt":"2020-06-08T13:15:25","guid":{"rendered":"http:\/\/www.museudeseverdovouga.pt\/expo\/?page_id=114"},"modified":"2020-06-08T15:01:45","modified_gmt":"2020-06-08T15:01:45","slug":"medieval","status":"publish","type":"page","link":"https:\/\/www.mm-sever.pt\/expo\/medieval\/","title":{"rendered":"09 &#8211; Tempos Medievos"},"content":{"rendered":"\n<figure class=\"wp-block-image size-large\"><img loading=\"lazy\" decoding=\"async\" width=\"1024\" height=\"768\" src=\"http:\/\/www.museudeseverdovouga.pt\/expo\/wp-content\/uploads\/med01-1024x768.jpg\" alt=\"\" class=\"wp-image-189\" srcset=\"https:\/\/www.mm-sever.pt\/expo\/wp-content\/uploads\/med01-1024x768.jpg 1024w, https:\/\/www.mm-sever.pt\/expo\/wp-content\/uploads\/med01-300x225.jpg 300w, https:\/\/www.mm-sever.pt\/expo\/wp-content\/uploads\/med01-768x576.jpg 768w, https:\/\/www.mm-sever.pt\/expo\/wp-content\/uploads\/med01.jpg 1280w\" sizes=\"(max-width: 1024px) 100vw, 1024px\" \/><\/figure>\n\n\n\n<p class=\"has-medium-font-size\">A constru\u00e7\u00e3o da identidade de Sever do Vouga \u00e9 um processo de longa dura\u00e7\u00e3o que se inicia na Idade M\u00e9dia durante a \u201cReconquista\u201d. A regi\u00e3o foi disputada pelo poder civil (terras de Santa Maria, Laf\u00f5es e Vouga), mon\u00e1stico (entre os poderosos mosteiros medievais de Vacari\u00e7a e Lorv\u00e3o) e diocesano.<\/p>\n\n\n\n<p class=\"has-medium-font-size\">Embora todos os lugares que hoje constituem sede de freguesia j\u00e1 se encontrem referenciados nos s\u00e9culos X a XIII, houve, ao longo dos \u00faltimos s\u00e9culos, frequentes altera\u00e7\u00f5es na configura\u00e7\u00e3o, na integra\u00e7\u00e3o administrativa e at\u00e9 na sua designa\u00e7\u00e3o. Entre as que se revelaram mais est\u00e1veis desde a sua forma\u00e7\u00e3o, provavelmente ainda no s\u00e9culo XII, contam-se Santa Maria de Sever, Santa Maria de Pessegueiro e S\u00e3o Jo\u00e3o de Silva Escura.<\/p>\n\n\n\n<p class=\"has-medium-font-size\">A cria\u00e7\u00e3o da villa Severi e seu mosteiro, na sequ\u00eancia da integra\u00e7\u00e3o destas terras nos dom\u00ednios da monarquia asturiana em finais do s\u00e9culo IX, constituiu um passo decisivo na constru\u00e7\u00e3o dessa identidade. Quando as circunst\u00e2ncias pol\u00edticas o exigiram, a partir da reconquista crist\u00e3 de Coimbra em 1064, o centro de poder ter-se-\u00e1 transferido para uma fortifica\u00e7\u00e3o vizinha da villa, fortifica\u00e7\u00e3o essa que as inquiri\u00e7\u00f5es r\u00e9gias do s\u00e9culo XIII ainda recordam vivamente: o \u201cCrasto que chamam de pena de Sever\u201d que ent\u00e3o ainda era \u201cdel Rey\u201d.<\/p>\n\n\n\n<p class=\"has-medium-font-size\">No s\u00e9culo XIII, uma vez ultrapassada a instabilidade e consolidado o poder da monarquia portuguesa, o exerc\u00edcio do poder judicial e administrativo regressa a uma sede civil e aquela que era ent\u00e3o chamada \u201caldeia de Sever\u201d passou a ser a sede do \u201cjulgado de Sever de par do Vouga\u201d, do qual a vila e o munic\u00edpio atuais s\u00e3o herdeiros diretos.<\/p>\n\n\n\n<div style=\"height:50px\" aria-hidden=\"true\" class=\"wp-block-spacer\"><\/div>\n\n\n\n<figure class=\"wp-block-gallery columns-2 is-cropped wp-block-gallery-1 is-layout-flex wp-block-gallery-is-layout-flex\"><ul class=\"blocks-gallery-grid\"><li class=\"blocks-gallery-item\"><figure><img loading=\"lazy\" decoding=\"async\" width=\"1024\" height=\"880\" src=\"http:\/\/www.museudeseverdovouga.pt\/expo\/wp-content\/uploads\/med02-1024x880.jpg\" alt=\"\" data-id=\"115\" data-full-url=\"http:\/\/www.museudeseverdovouga.pt\/expo\/wp-content\/uploads\/med02.jpg\" data-link=\"http:\/\/www.museudeseverdovouga.pt\/expo\/?attachment_id=115\" class=\"wp-image-115\" srcset=\"https:\/\/www.mm-sever.pt\/expo\/wp-content\/uploads\/med02-1024x880.jpg 1024w, https:\/\/www.mm-sever.pt\/expo\/wp-content\/uploads\/med02-300x258.jpg 300w, https:\/\/www.mm-sever.pt\/expo\/wp-content\/uploads\/med02-768x660.jpg 768w, https:\/\/www.mm-sever.pt\/expo\/wp-content\/uploads\/med02.jpg 1280w\" sizes=\"(max-width: 1024px) 100vw, 1024px\" \/><\/figure><\/li><li class=\"blocks-gallery-item\"><figure><img loading=\"lazy\" decoding=\"async\" width=\"1024\" height=\"880\" src=\"http:\/\/www.museudeseverdovouga.pt\/expo\/wp-content\/uploads\/med03-1024x880.jpg\" alt=\"\" data-id=\"116\" data-full-url=\"http:\/\/www.museudeseverdovouga.pt\/expo\/wp-content\/uploads\/med03.jpg\" data-link=\"http:\/\/www.museudeseverdovouga.pt\/expo\/?attachment_id=116\" class=\"wp-image-116\" srcset=\"https:\/\/www.mm-sever.pt\/expo\/wp-content\/uploads\/med03-1024x880.jpg 1024w, https:\/\/www.mm-sever.pt\/expo\/wp-content\/uploads\/med03-300x258.jpg 300w, https:\/\/www.mm-sever.pt\/expo\/wp-content\/uploads\/med03-768x660.jpg 768w, https:\/\/www.mm-sever.pt\/expo\/wp-content\/uploads\/med03.jpg 1280w\" sizes=\"(max-width: 1024px) 100vw, 1024px\" \/><\/figure><\/li><\/ul><\/figure>\n\n\n\n<p class=\"has-medium-font-size\">Conjunto de pe\u00e7as em ferro, a maioria acess\u00f3rios de constru\u00e7\u00e3o, oferecidos por Jos\u00e9 Fortes ao Museu de Aveiro. Desconhece-se o contexto deste achado, sendo, por isso, dif\u00edcil fazer considera\u00e7\u00f5es sobre a sua cronologia.<br>No entanto, atendendo a algumas caracter\u00edsticas, poderemos inseri-las num per\u00edodo entre a \u00e9poca romana e a Alta Idade M\u00e9dia.&nbsp;<\/p>\n\n\n\n<p class=\"has-medium-font-size\"><strong>Castelo da Pena<br><\/strong><a rel=\"noreferrer noopener\" href=\"http:\/\/www.museudeseverdovouga.pt\/wikisever\/doku.php?id=castelo_da_pena\" target=\"_blank\">Atalaia fortificada<\/a> onde se podem observara restos de uma muralha que circundava um pequeno promont\u00f3rio rochoso. <br>Este s\u00edtio foi constru\u00eddo na Alta Idade M\u00e9dia e poder\u00e1 corresponder ao centro de poder transferido da vila de Sever citada nas inquiri\u00e7\u00f5es r\u00e9gias do s\u00e9c. XIII.&nbsp;<\/p>\n\n\n\n<div style=\"height:50px\" aria-hidden=\"true\" class=\"wp-block-spacer\"><\/div>\n\n\n\n<p class=\"has-medium-font-size\"><strong>Para saber mais<\/strong><\/p>\n\n\n\n<ul><li>Consulte os seguintes artigos da WikiSever: <a rel=\"noreferrer noopener\" href=\"http:\/\/www.museudeseverdovouga.pt\/wikisever\/doku.php?id=castelo_da_pena\" target=\"_blank\">Castelo da Pena<\/a>; <\/li><li>AAVV (2013) \u2013 . Sever do Vouga: C\u00e2mara Municipal<\/li><li>Ramos, Fernando Soares (1998) \u2013 . Sever do Vouga: C\u00e2mara Municipal<\/li><li>Souto, A. (1938). <a href=\"http:\/\/ww3.aeje.pt\/avcultur\/AvCultur\/ArkivDtA\/Vol04\/Vol04p005.htm\">Arqueologia Pr\u00e9-Hist\u00f3rica do distrito de Aveiro. Arte rupestre. As insculturas do Arestal e o problema das combina\u00e7\u00f5es circulares e espiral\u00f3ides do noroeste peninsular<\/a>. <em>Arquivo do Distrito de Aveiro. Aveiro<\/em>, vol. 4, pp. 5-19.<\/li><li>Tavares, Ant\u00f3nio Henriques (2014) \u2013 . Sever do Vouga: C\u00e2mara Municipal<\/li><\/ul>\n\n\n\n<div style=\"height:50px\" aria-hidden=\"true\" class=\"wp-block-spacer\"><\/div>\n\n\n\n<div class=\"wp-block-buttons aligncenter is-layout-flex wp-block-buttons-is-layout-flex\">\n<div class=\"wp-block-button is-style-outline\"><a class=\"wp-block-button__link\" href=\"http:\/\/www.museudeseverdovouga.pt\/expo\/?page_id=108\">&lt;&lt;&lt; ROMANIZA\u00c7\u00c3O<\/a><\/div>\n\n\n\n<div class=\"wp-block-button is-style-outline\"><a class=\"wp-block-button__link\" href=\"http:\/\/www.museudeseverdovouga.pt\/expo\/?page_id=120\">F\u00c9 &gt;&gt;&gt;<\/a><\/div>\n<\/div>\n\n\n\n<div style=\"height:50px\" aria-hidden=\"true\" class=\"wp-block-spacer\"><\/div>\n","protected":false},"excerpt":{"rendered":"<p>A constru\u00e7\u00e3o da identidade de Sever do Vouga \u00e9 um processo de longa dura\u00e7\u00e3o que se inicia na Idade M\u00e9dia durante a \u201cReconquista\u201d. A regi\u00e3o foi disputada pelo poder civil (terras de Santa Maria, Laf\u00f5es e Vouga), mon\u00e1stico (entre os poderosos mosteiros medievais de Vacari\u00e7a e Lorv\u00e3o) e diocesano. Embora todos os lugares que hoje [&hellip;]<\/p>\n","protected":false},"author":1,"featured_media":0,"parent":0,"menu_order":9,"comment_status":"closed","ping_status":"closed","template":"","meta":{"footnotes":""},"_links":{"self":[{"href":"https:\/\/www.mm-sever.pt\/expo\/wp-json\/wp\/v2\/pages\/114"}],"collection":[{"href":"https:\/\/www.mm-sever.pt\/expo\/wp-json\/wp\/v2\/pages"}],"about":[{"href":"https:\/\/www.mm-sever.pt\/expo\/wp-json\/wp\/v2\/types\/page"}],"author":[{"embeddable":true,"href":"https:\/\/www.mm-sever.pt\/expo\/wp-json\/wp\/v2\/users\/1"}],"replies":[{"embeddable":true,"href":"https:\/\/www.mm-sever.pt\/expo\/wp-json\/wp\/v2\/comments?post=114"}],"version-history":[{"count":3,"href":"https:\/\/www.mm-sever.pt\/expo\/wp-json\/wp\/v2\/pages\/114\/revisions"}],"predecessor-version":[{"id":190,"href":"https:\/\/www.mm-sever.pt\/expo\/wp-json\/wp\/v2\/pages\/114\/revisions\/190"}],"wp:attachment":[{"href":"https:\/\/www.mm-sever.pt\/expo\/wp-json\/wp\/v2\/media?parent=114"}],"curies":[{"name":"wp","href":"https:\/\/api.w.org\/{rel}","templated":true}]}}