{"id":129,"date":"2020-06-08T13:59:48","date_gmt":"2020-06-08T13:59:48","guid":{"rendered":"http:\/\/www.museudeseverdovouga.pt\/expo\/?page_id=129"},"modified":"2020-06-08T15:06:20","modified_gmt":"2020-06-08T15:06:20","slug":"leite","status":"publish","type":"page","link":"https:\/\/www.mm-sever.pt\/expo\/leite\/","title":{"rendered":"12 &#8211;  Lactic\u00ednios"},"content":{"rendered":"\n<figure class=\"wp-block-image size-large\"><img loading=\"lazy\" decoding=\"async\" width=\"1024\" height=\"768\" src=\"http:\/\/www.museudeseverdovouga.pt\/expo\/wp-content\/uploads\/leite01-1024x768.jpg\" alt=\"\" class=\"wp-image-194\" srcset=\"https:\/\/www.mm-sever.pt\/expo\/wp-content\/uploads\/leite01-1024x768.jpg 1024w, https:\/\/www.mm-sever.pt\/expo\/wp-content\/uploads\/leite01-300x225.jpg 300w, https:\/\/www.mm-sever.pt\/expo\/wp-content\/uploads\/leite01-768x576.jpg 768w, https:\/\/www.mm-sever.pt\/expo\/wp-content\/uploads\/leite01.jpg 1280w\" sizes=\"(max-width: 1024px) 100vw, 1024px\" \/><\/figure>\n\n\n\n<p class=\"has-medium-font-size\">O Visconde de Nandufe Ant\u00f3nio Caetano Rodrigues Viana comprou em 1893 uma desnatadeira centr\u00edfuga em Fran\u00e7a, que instalou em Sanfins, fundando a primeira f\u00e1brica de latic\u00ednios do pa\u00eds, que funcionou at\u00e9 Mar\u00e7o de 1924. <\/p>\n\n\n\n<p class=\"has-medium-font-size\">Surgiu ent\u00e3o a Cooperativa Agr\u00edcola de Latic\u00ednios que sofreu v\u00e1rias priva\u00e7\u00f5es financeiras e ataques dos industriais de latic\u00ednios. De Mar\u00e7o de 1924 a Fevereiro de 1937, funcionou como Sociedade Industrial, at\u00e9 que em 1937, por Alvar\u00e1 foi oficialmente criada como Cooperativa, sendo a mais antiga do pa\u00eds.<br>Nos primeiros tempos, a Cooperativa s\u00f3 separava a nata do leite. Esta era transportada em latas, por mulheres para ser vendida aos industriais, Martins e Rebelo, de Vale de Cambra, e a Cust\u00f3dio Pereira Dias, de Catives (Couto de Esteves) onde era usada no fabrico da Manteiga \u201cBeleza\u201d. Mais tarde adquiriu um pipo e um malaxador e passou a fabricar a sua pr\u00f3pria manteiga, da marca \u201cDel\u00edcia\u201d.<br>Grande parte da produ\u00e7\u00e3o de manteiga era vendida para a regi\u00e3o de Lisboa, sendo as caixas transportadas \u00e0 cabe\u00e7a por mulheres, para a esta\u00e7\u00e3o de caminho-de-ferro de Paradela.<\/p>\n\n\n\n<p class=\"has-medium-font-size\">Em 1962 formou-se a Uni\u00e3o de Cooperativas da Latic\u00ednios de Entre Douro e Vouga, composta pela Cooperativa Agr\u00edcola de Latic\u00ednios de Sanfins, a Cooperativa Agr\u00edcola de Latic\u00ednios do Vale do Vouga e a Cooperativa Agr\u00edcola de Latic\u00ednios de Arouca.<br>Em 1967 inicia-se o fabrico de queijo e a recolha total do leite, bem como o processo de arrefecimento e pasteuriza\u00e7\u00e3o. A extin\u00e7\u00e3o dos Gr\u00e9mios da Lavoura, em 1977, levou a que a \u201cCooperativa Agr\u00edcola de Sanfins, SCRL\u201d tomasse conta das instala\u00e7\u00f5es e da parte comercial, at\u00e9 a\u00ed exercida pelo Gr\u00e9mio da Lavoura de Sever do Vouga.<\/p>\n\n\n\n<div style=\"height:50px\" aria-hidden=\"true\" class=\"wp-block-spacer\"><\/div>\n\n\n\n<figure class=\"wp-block-gallery columns-3 is-cropped wp-block-gallery-1 is-layout-flex wp-block-gallery-is-layout-flex\"><ul class=\"blocks-gallery-grid\"><li class=\"blocks-gallery-item\"><figure><a href=\"http:\/\/www.museudeseverdovouga.pt\/expo\/wp-content\/uploads\/leite02.jpg\"><img loading=\"lazy\" decoding=\"async\" width=\"1024\" height=\"880\" src=\"http:\/\/www.museudeseverdovouga.pt\/expo\/wp-content\/uploads\/leite02-1024x880.jpg\" alt=\"\" data-id=\"130\" data-full-url=\"http:\/\/www.museudeseverdovouga.pt\/expo\/wp-content\/uploads\/leite02.jpg\" data-link=\"http:\/\/www.museudeseverdovouga.pt\/expo\/?attachment_id=130\" class=\"wp-image-130\" srcset=\"https:\/\/www.mm-sever.pt\/expo\/wp-content\/uploads\/leite02-1024x880.jpg 1024w, https:\/\/www.mm-sever.pt\/expo\/wp-content\/uploads\/leite02-300x258.jpg 300w, https:\/\/www.mm-sever.pt\/expo\/wp-content\/uploads\/leite02-768x660.jpg 768w, https:\/\/www.mm-sever.pt\/expo\/wp-content\/uploads\/leite02.jpg 1280w\" sizes=\"(max-width: 1024px) 100vw, 1024px\" \/><\/a><figcaption class=\"blocks-gallery-item__caption\">&#8220;Pipo&#8221;, batedor de manteiga<\/figcaption><\/figure><\/li><li class=\"blocks-gallery-item\"><figure><a href=\"http:\/\/www.museudeseverdovouga.pt\/expo\/wp-content\/uploads\/leite03.jpg\"><img loading=\"lazy\" decoding=\"async\" width=\"1024\" height=\"880\" src=\"http:\/\/www.museudeseverdovouga.pt\/expo\/wp-content\/uploads\/leite03-1024x880.jpg\" alt=\"\" data-id=\"131\" data-full-url=\"http:\/\/www.museudeseverdovouga.pt\/expo\/wp-content\/uploads\/leite03.jpg\" data-link=\"http:\/\/www.museudeseverdovouga.pt\/expo\/?attachment_id=131\" class=\"wp-image-131\" srcset=\"https:\/\/www.mm-sever.pt\/expo\/wp-content\/uploads\/leite03-1024x880.jpg 1024w, https:\/\/www.mm-sever.pt\/expo\/wp-content\/uploads\/leite03-300x258.jpg 300w, https:\/\/www.mm-sever.pt\/expo\/wp-content\/uploads\/leite03-768x660.jpg 768w, https:\/\/www.mm-sever.pt\/expo\/wp-content\/uploads\/leite03.jpg 1280w\" sizes=\"(max-width: 1024px) 100vw, 1024px\" \/><\/a><figcaption class=\"blocks-gallery-item__caption\">medidas para aferi\u00e7\u00e3o<\/figcaption><\/figure><\/li><li class=\"blocks-gallery-item\"><figure><a href=\"http:\/\/www.museudeseverdovouga.pt\/expo\/wp-content\/uploads\/leite04.jpg\"><img loading=\"lazy\" decoding=\"async\" width=\"1024\" height=\"880\" src=\"http:\/\/www.museudeseverdovouga.pt\/expo\/wp-content\/uploads\/leite04-1024x880.jpg\" alt=\"\" data-id=\"132\" data-full-url=\"http:\/\/www.museudeseverdovouga.pt\/expo\/wp-content\/uploads\/leite04.jpg\" data-link=\"http:\/\/www.museudeseverdovouga.pt\/expo\/?attachment_id=132\" class=\"wp-image-132\" srcset=\"https:\/\/www.mm-sever.pt\/expo\/wp-content\/uploads\/leite04-1024x880.jpg 1024w, https:\/\/www.mm-sever.pt\/expo\/wp-content\/uploads\/leite04-300x258.jpg 300w, https:\/\/www.mm-sever.pt\/expo\/wp-content\/uploads\/leite04-768x660.jpg 768w, https:\/\/www.mm-sever.pt\/expo\/wp-content\/uploads\/leite04.jpg 1280w\" sizes=\"(max-width: 1024px) 100vw, 1024px\" \/><\/a><figcaption class=\"blocks-gallery-item__caption\">latas para transporte do leite<\/figcaption><\/figure><\/li><li class=\"blocks-gallery-item\"><figure><a href=\"http:\/\/www.museudeseverdovouga.pt\/expo\/wp-content\/uploads\/leite05.jpg\"><img loading=\"lazy\" decoding=\"async\" width=\"1024\" height=\"880\" src=\"http:\/\/www.museudeseverdovouga.pt\/expo\/wp-content\/uploads\/leite05-1024x880.jpg\" alt=\"\" data-id=\"133\" data-full-url=\"http:\/\/www.museudeseverdovouga.pt\/expo\/wp-content\/uploads\/leite05.jpg\" data-link=\"http:\/\/www.museudeseverdovouga.pt\/expo\/?attachment_id=133\" class=\"wp-image-133\" srcset=\"https:\/\/www.mm-sever.pt\/expo\/wp-content\/uploads\/leite05-1024x880.jpg 1024w, https:\/\/www.mm-sever.pt\/expo\/wp-content\/uploads\/leite05-300x258.jpg 300w, https:\/\/www.mm-sever.pt\/expo\/wp-content\/uploads\/leite05-768x660.jpg 768w, https:\/\/www.mm-sever.pt\/expo\/wp-content\/uploads\/leite05.jpg 1280w\" sizes=\"(max-width: 1024px) 100vw, 1024px\" \/><\/a><figcaption class=\"blocks-gallery-item__caption\">Desnatadeira centr\u00edfuga, s\u00e9c. XIX<\/figcaption><\/figure><\/li><li class=\"blocks-gallery-item\"><figure><a href=\"http:\/\/www.museudeseverdovouga.pt\/expo\/wp-content\/uploads\/leite07.jpg\"><img loading=\"lazy\" decoding=\"async\" width=\"1024\" height=\"880\" src=\"http:\/\/www.museudeseverdovouga.pt\/expo\/wp-content\/uploads\/leite07-1024x880.jpg\" alt=\"\" data-id=\"135\" data-full-url=\"http:\/\/www.museudeseverdovouga.pt\/expo\/wp-content\/uploads\/leite07.jpg\" data-link=\"http:\/\/www.museudeseverdovouga.pt\/expo\/?attachment_id=135\" class=\"wp-image-135\" srcset=\"https:\/\/www.mm-sever.pt\/expo\/wp-content\/uploads\/leite07-1024x880.jpg 1024w, https:\/\/www.mm-sever.pt\/expo\/wp-content\/uploads\/leite07-300x258.jpg 300w, https:\/\/www.mm-sever.pt\/expo\/wp-content\/uploads\/leite07-768x660.jpg 768w, https:\/\/www.mm-sever.pt\/expo\/wp-content\/uploads\/leite07.jpg 1280w\" sizes=\"(max-width: 1024px) 100vw, 1024px\" \/><\/a><figcaption class=\"blocks-gallery-item__caption\">term\u00f3metro<\/figcaption><\/figure><\/li><li class=\"blocks-gallery-item\"><figure><a href=\"http:\/\/www.museudeseverdovouga.pt\/expo\/wp-content\/uploads\/LEITE06.jpg\"><img loading=\"lazy\" decoding=\"async\" width=\"1024\" height=\"880\" src=\"http:\/\/www.museudeseverdovouga.pt\/expo\/wp-content\/uploads\/LEITE06-1024x880.jpg\" alt=\"\" data-id=\"134\" data-full-url=\"http:\/\/www.museudeseverdovouga.pt\/expo\/wp-content\/uploads\/LEITE06.jpg\" data-link=\"http:\/\/www.museudeseverdovouga.pt\/expo\/?attachment_id=134\" class=\"wp-image-134\" srcset=\"https:\/\/www.mm-sever.pt\/expo\/wp-content\/uploads\/LEITE06-1024x880.jpg 1024w, https:\/\/www.mm-sever.pt\/expo\/wp-content\/uploads\/LEITE06-300x258.jpg 300w, https:\/\/www.mm-sever.pt\/expo\/wp-content\/uploads\/LEITE06-768x660.jpg 768w, https:\/\/www.mm-sever.pt\/expo\/wp-content\/uploads\/LEITE06.jpg 1280w\" sizes=\"(max-width: 1024px) 100vw, 1024px\" \/><\/a><figcaption class=\"blocks-gallery-item__caption\">caixa de transporte de manteiga Gresso<\/figcaption><\/figure><\/li><\/ul><\/figure>\n\n\n\n<div style=\"height:50px\" aria-hidden=\"true\" class=\"wp-block-spacer\"><\/div>\n\n\n\n<p class=\"has-medium-font-size\"><strong>Para saber mais:<\/strong><\/p>\n\n\n\n<ul><li><a rel=\"noreferrer noopener\" href=\"http:\/\/www.museudeseverdovouga.pt\/peca-em-destaque-desnatadeira\/\" target=\"_blank\">Pe\u00e7a em destaque: Desnatadeira<\/a><\/li><li>AAVV (2013) \u2013 . Sever do Vouga: C\u00e2mara Municipal<\/li><li>Alves, Jorge. (2018). I<a rel=\"noreferrer noopener\" href=\"https:\/\/www.researchgate.net\/publication\/330263546_Industriais_gremios_da_lavoura_e_cooperativas_na_estruturacao_da_fileira_do_leite\" target=\"_blank\">ndustriais, gr\u00e9mios da lavoura e cooperativas na estrutura\u00e7\u00e3o da fileira do leite<\/a>. 8. 285-302. <\/li><li>Ramos, Fernando Soares (1998) \u2013 . Sever do Vouga: C\u00e2mara Municipal<\/li><\/ul>\n\n\n\n<div style=\"height:50px\" aria-hidden=\"true\" class=\"wp-block-spacer\"><\/div>\n\n\n\n<div class=\"wp-block-buttons aligncenter is-layout-flex wp-block-buttons-is-layout-flex\">\n<div class=\"wp-block-button is-style-outline\"><a class=\"wp-block-button__link\" href=\"http:\/\/www.museudeseverdovouga.pt\/expo\/?page_id=126\">&lt;&lt;&lt; A VIDA NO CAMPO<\/a><\/div>\n\n\n\n<div class=\"wp-block-button is-style-outline\"><a class=\"wp-block-button__link\" href=\"http:\/\/www.museudeseverdovouga.pt\/expo\/?page_id=138\">A LINHA DO VALE DO VOUGA &gt;&gt;&gt;<\/a><\/div>\n<\/div>\n\n\n\n<div style=\"height:50px\" aria-hidden=\"true\" class=\"wp-block-spacer\"><\/div>\n","protected":false},"excerpt":{"rendered":"<p>O Visconde de Nandufe Ant\u00f3nio Caetano Rodrigues Viana comprou em 1893 uma desnatadeira centr\u00edfuga em Fran\u00e7a, que instalou em Sanfins, fundando a primeira f\u00e1brica de latic\u00ednios do pa\u00eds, que funcionou at\u00e9 Mar\u00e7o de 1924. Surgiu ent\u00e3o a Cooperativa Agr\u00edcola de Latic\u00ednios que sofreu v\u00e1rias priva\u00e7\u00f5es financeiras e ataques dos industriais de latic\u00ednios. De Mar\u00e7o de [&hellip;]<\/p>\n","protected":false},"author":1,"featured_media":0,"parent":0,"menu_order":12,"comment_status":"closed","ping_status":"closed","template":"","meta":{"footnotes":""},"_links":{"self":[{"href":"https:\/\/www.mm-sever.pt\/expo\/wp-json\/wp\/v2\/pages\/129"}],"collection":[{"href":"https:\/\/www.mm-sever.pt\/expo\/wp-json\/wp\/v2\/pages"}],"about":[{"href":"https:\/\/www.mm-sever.pt\/expo\/wp-json\/wp\/v2\/types\/page"}],"author":[{"embeddable":true,"href":"https:\/\/www.mm-sever.pt\/expo\/wp-json\/wp\/v2\/users\/1"}],"replies":[{"embeddable":true,"href":"https:\/\/www.mm-sever.pt\/expo\/wp-json\/wp\/v2\/comments?post=129"}],"version-history":[{"count":2,"href":"https:\/\/www.mm-sever.pt\/expo\/wp-json\/wp\/v2\/pages\/129\/revisions"}],"predecessor-version":[{"id":195,"href":"https:\/\/www.mm-sever.pt\/expo\/wp-json\/wp\/v2\/pages\/129\/revisions\/195"}],"wp:attachment":[{"href":"https:\/\/www.mm-sever.pt\/expo\/wp-json\/wp\/v2\/media?parent=129"}],"curies":[{"name":"wp","href":"https:\/\/api.w.org\/{rel}","templated":true}]}}