{"id":165,"date":"2020-06-08T14:37:34","date_gmt":"2020-06-08T14:37:34","guid":{"rendered":"http:\/\/www.museudeseverdovouga.pt\/expo\/?page_id=165"},"modified":"2020-06-08T15:11:58","modified_gmt":"2020-06-08T15:11:58","slug":"mirtilo","status":"publish","type":"page","link":"https:\/\/www.mm-sever.pt\/expo\/mirtilo\/","title":{"rendered":"16 &#8211; Mirtilo"},"content":{"rendered":"\n<figure class=\"wp-block-image size-large\"><img loading=\"lazy\" decoding=\"async\" width=\"1024\" height=\"768\" src=\"http:\/\/www.museudeseverdovouga.pt\/expo\/wp-content\/uploads\/mirtilo01-1024x768.jpg\" alt=\"\" class=\"wp-image-203\" srcset=\"https:\/\/www.mm-sever.pt\/expo\/wp-content\/uploads\/mirtilo01-1024x768.jpg 1024w, https:\/\/www.mm-sever.pt\/expo\/wp-content\/uploads\/mirtilo01-300x225.jpg 300w, https:\/\/www.mm-sever.pt\/expo\/wp-content\/uploads\/mirtilo01-768x576.jpg 768w, https:\/\/www.mm-sever.pt\/expo\/wp-content\/uploads\/mirtilo01.jpg 1280w\" sizes=\"(max-width: 1024px) 100vw, 1024px\" \/><\/figure>\n\n\n\n<p class=\"has-medium-font-size\">O mirtilo (Vaccinium corymbosum), tamb\u00e9m conhecido por arando ou uva-do-monte, \u00e9 um pequeno arbusto da fam\u00edlia das urzes, do loendro e do medronheiro. Cresce espontaneamente nas montanhas e florestas da Am\u00e9rica do Norte e da Europa (em Portugal, apenas no norte). O fruto \u00e9 uma baga azul escura e sumarenta, usado, h\u00e1 s\u00e9culos, como alimento devido ao elevado valor nutritivo. O herbalismo do s\u00e9culo XVI documentou o uso medicinal da planta no tratamento de pedras na bexiga, desordens biliares, escorbuto, tosse e tuberculose. Atualmente, a investiga\u00e7\u00e3o no mirtilo (fruto e folha) est\u00e1 direcionada para o tratamento de desordens oculares, vasculares e diabetes mellitus. Do Mirtilo&#8217;.<\/p>\n\n\n\n<p class=\"has-medium-font-size\">Introduzido em Portugal na d\u00e9cada de 90, em Sever do Vouga, este fruto possui hoje um papel muito importante na economia local, tendo Sever do Vouga adquirido a marca &#8216;Capital do Mirtilo&#8217;.<\/p>\n\n\n\n<div style=\"height:50px\" aria-hidden=\"true\" class=\"wp-block-spacer\"><\/div>\n\n\n\n<p class=\"has-medium-font-size\"><strong>Para saber mais<\/strong><\/p>\n\n\n\n<ul><li>AAVV (2013) \u2013 . Sever do Vouga: C\u00e2mara Municipal<\/li><\/ul>\n\n\n\n<div style=\"height:50px\" aria-hidden=\"true\" class=\"wp-block-spacer\"><\/div>\n\n\n\n<div class=\"wp-block-buttons aligncenter is-layout-flex wp-block-buttons-is-layout-flex\">\n<div class=\"wp-block-button is-style-outline\"><a class=\"wp-block-button__link\" href=\"http:\/\/www.museudeseverdovouga.pt\/expo\/?page_id=155\">&lt;&lt;&lt; AS MINAS<\/a><\/div>\n\n\n\n<div class=\"wp-block-button is-style-outline\"><a class=\"wp-block-button__link\" href=\"http:\/\/www.museudeseverdovouga.pt\/expo\/?page_id=168\">CAT\u00c1LOGO &gt;&gt;&gt;<\/a><\/div>\n<\/div>\n\n\n\n<div style=\"height:50px\" aria-hidden=\"true\" class=\"wp-block-spacer\"><\/div>\n","protected":false},"excerpt":{"rendered":"<p>O mirtilo (Vaccinium corymbosum), tamb\u00e9m conhecido por arando ou uva-do-monte, \u00e9 um pequeno arbusto da fam\u00edlia das urzes, do loendro e do medronheiro. Cresce espontaneamente nas montanhas e florestas da Am\u00e9rica do Norte e da Europa (em Portugal, apenas no norte). O fruto \u00e9 uma baga azul escura e sumarenta, usado, h\u00e1 s\u00e9culos, como alimento [&hellip;]<\/p>\n","protected":false},"author":1,"featured_media":0,"parent":0,"menu_order":16,"comment_status":"closed","ping_status":"closed","template":"","meta":{"footnotes":""},"_links":{"self":[{"href":"https:\/\/www.mm-sever.pt\/expo\/wp-json\/wp\/v2\/pages\/165"}],"collection":[{"href":"https:\/\/www.mm-sever.pt\/expo\/wp-json\/wp\/v2\/pages"}],"about":[{"href":"https:\/\/www.mm-sever.pt\/expo\/wp-json\/wp\/v2\/types\/page"}],"author":[{"embeddable":true,"href":"https:\/\/www.mm-sever.pt\/expo\/wp-json\/wp\/v2\/users\/1"}],"replies":[{"embeddable":true,"href":"https:\/\/www.mm-sever.pt\/expo\/wp-json\/wp\/v2\/comments?post=165"}],"version-history":[{"count":2,"href":"https:\/\/www.mm-sever.pt\/expo\/wp-json\/wp\/v2\/pages\/165\/revisions"}],"predecessor-version":[{"id":204,"href":"https:\/\/www.mm-sever.pt\/expo\/wp-json\/wp\/v2\/pages\/165\/revisions\/204"}],"wp:attachment":[{"href":"https:\/\/www.mm-sever.pt\/expo\/wp-json\/wp\/v2\/media?parent=165"}],"curies":[{"name":"wp","href":"https:\/\/api.w.org\/{rel}","templated":true}]}}