{"id":2,"date":"2020-06-06T20:47:02","date_gmt":"2020-06-06T20:47:02","guid":{"rendered":"http:\/\/www.museudeseverdovouga.pt\/expo\/?page_id=2"},"modified":"2020-06-10T09:50:47","modified_gmt":"2020-06-10T09:50:47","slug":"inicio","status":"publish","type":"page","link":"https:\/\/www.mm-sever.pt\/expo\/","title":{"rendered":""},"content":{"rendered":"\n<div style=\"height:30px\" aria-hidden=\"true\" class=\"wp-block-spacer\"><\/div>\n\n\n\n<p class=\"has-text-align-center has-medium-font-size\">\n<iframe loading=\"lazy\" width=\"600\" height=\"355\" src=\"https:\/\/www.youtube.com\/embed\/cJIJX38Cs6I?autoplay=1;mute=0\" controls=0\" frameborder=\"0\" allow=\"accelerometer; encrypted-media; gyroscope; picture-in-picture\" allowfullscreen=\"allowfullscreen\"><\/iframe>\n\n\n\n<div style=\"height:30px\" aria-hidden=\"true\" class=\"wp-block-spacer\"><\/div>\n\n\n\n<div class=\"wp-block-buttons aligncenter is-layout-flex wp-block-buttons-is-layout-flex\">\n<div class=\"wp-block-button is-style-outline\"><a class=\"wp-block-button__link\" href=\"http:\/\/www.museudeseverdovouga.pt\/expo\/?page_id=25\">ENTRAR<\/a><\/div>\n<\/div>\n\n\n\n<div style=\"height:30px\" aria-hidden=\"true\" class=\"wp-block-spacer\"><\/div>\n\n\n\n<p class=\"has-text-align-left has-medium-font-size\"><em>Din\u00e2mico, comprometido em contar a hist\u00f3ria de um territ\u00f3rio atrav\u00e9s da arqueologia, o patrim\u00f3nio industrial e mineiro, a etnografia e pr\u00e1ticas culturais e as maravilhas naturais pr\u00f3prias do territ\u00f3rio. Pr\u00e9mio APOM 2017 &#8211; Informa\u00e7\u00e3o Tur\u00edstica<\/em><\/p>\n\n\n\n<div style=\"height:30px\" aria-hidden=\"true\" class=\"wp-block-spacer\"><\/div>\n","protected":false},"excerpt":{"rendered":"","protected":false},"author":1,"featured_media":0,"parent":0,"menu_order":0,"comment_status":"closed","ping_status":"closed","template":"","meta":{"footnotes":""},"_links":{"self":[{"href":"https:\/\/www.mm-sever.pt\/expo\/wp-json\/wp\/v2\/pages\/2"}],"collection":[{"href":"https:\/\/www.mm-sever.pt\/expo\/wp-json\/wp\/v2\/pages"}],"about":[{"href":"https:\/\/www.mm-sever.pt\/expo\/wp-json\/wp\/v2\/types\/page"}],"author":[{"embeddable":true,"href":"https:\/\/www.mm-sever.pt\/expo\/wp-json\/wp\/v2\/users\/1"}],"replies":[{"embeddable":true,"href":"https:\/\/www.mm-sever.pt\/expo\/wp-json\/wp\/v2\/comments?post=2"}],"version-history":[{"count":23,"href":"https:\/\/www.mm-sever.pt\/expo\/wp-json\/wp\/v2\/pages\/2\/revisions"}],"predecessor-version":[{"id":224,"href":"https:\/\/www.mm-sever.pt\/expo\/wp-json\/wp\/v2\/pages\/2\/revisions\/224"}],"wp:attachment":[{"href":"https:\/\/www.mm-sever.pt\/expo\/wp-json\/wp\/v2\/media?parent=2"}],"curies":[{"name":"wp","href":"https:\/\/api.w.org\/{rel}","templated":true}]}}