{"id":25,"date":"2020-06-06T21:37:03","date_gmt":"2020-06-06T21:37:03","guid":{"rendered":"http:\/\/www.museudeseverdovouga.pt\/expo\/?page_id=25"},"modified":"2020-06-08T15:19:56","modified_gmt":"2020-06-08T15:19:56","slug":"marco","status":"publish","type":"page","link":"https:\/\/www.mm-sever.pt\/expo\/marco\/","title":{"rendered":"01 &#8211; Marco Miriam\u00e9trico"},"content":{"rendered":"\n<figure class=\"wp-block-image size-large\"><img loading=\"lazy\" decoding=\"async\" width=\"1024\" height=\"768\" src=\"http:\/\/www.museudeseverdovouga.pt\/expo\/wp-content\/uploads\/2020\/06\/marco1200-1024x768.jpg\" alt=\"\" class=\"wp-image-26\" srcset=\"https:\/\/www.mm-sever.pt\/expo\/wp-content\/uploads\/2020\/06\/marco1200-1024x768.jpg 1024w, https:\/\/www.mm-sever.pt\/expo\/wp-content\/uploads\/2020\/06\/marco1200-300x225.jpg 300w, https:\/\/www.mm-sever.pt\/expo\/wp-content\/uploads\/2020\/06\/marco1200-768x576.jpg 768w, https:\/\/www.mm-sever.pt\/expo\/wp-content\/uploads\/2020\/06\/marco1200.jpg 1200w\" sizes=\"(max-width: 1024px) 100vw, 1024px\" \/><\/figure>\n\n\n\n<p class=\"has-large-font-size\">Um marco miriam\u00e9trico da EN 328-1 d\u00e1 in\u00edcio \u00e0 nossa viagem!<\/p>\n\n\n\n<div style=\"height:50px\" aria-hidden=\"true\" class=\"wp-block-spacer\"><\/div>\n\n\n\n<p class=\"has-medium-font-size\"><strong>Para saber mais:<\/strong><\/p>\n\n\n\n<ul><li><a rel=\"noreferrer noopener\" href=\"http:\/\/www.museudeseverdovouga.pt\/peca-em-destaque-marco-miriametrico-da-en-328-1\/\" target=\"_blank\">Pe\u00e7a em destaque: Marco Miriam\u00e9trico<\/a><\/li><\/ul>\n\n\n\n<div style=\"height:50px\" aria-hidden=\"true\" class=\"wp-block-spacer\"><\/div>\n\n\n\n<div class=\"wp-block-buttons aligncenter is-layout-flex wp-block-buttons-is-layout-flex\">\n<div class=\"wp-block-button is-style-outline\"><a class=\"wp-block-button__link\" href=\"http:\/\/www.museudeseverdovouga.pt\/expo\/\">&lt;&lt;&lt; IN\u00cdCIO<\/a><\/div>\n\n\n\n<div class=\"wp-block-button is-style-outline\"><a class=\"wp-block-button__link\" href=\"http:\/\/www.museudeseverdovouga.pt\/expo\/?page_id=34\">TERRIT\u00d3RIO &gt;&gt;&gt;<\/a><\/div>\n<\/div>\n\n\n\n<div style=\"height:50px\" aria-hidden=\"true\" class=\"wp-block-spacer\"><\/div>\n","protected":false},"excerpt":{"rendered":"<p>Um marco miriam\u00e9trico da EN 328-1 d\u00e1 in\u00edcio \u00e0 nossa viagem! Para saber mais: Pe\u00e7a em destaque: Marco Miriam\u00e9trico<\/p>\n","protected":false},"author":1,"featured_media":0,"parent":0,"menu_order":1,"comment_status":"closed","ping_status":"closed","template":"","meta":{"footnotes":""},"_links":{"self":[{"href":"https:\/\/www.mm-sever.pt\/expo\/wp-json\/wp\/v2\/pages\/25"}],"collection":[{"href":"https:\/\/www.mm-sever.pt\/expo\/wp-json\/wp\/v2\/pages"}],"about":[{"href":"https:\/\/www.mm-sever.pt\/expo\/wp-json\/wp\/v2\/types\/page"}],"author":[{"embeddable":true,"href":"https:\/\/www.mm-sever.pt\/expo\/wp-json\/wp\/v2\/users\/1"}],"replies":[{"embeddable":true,"href":"https:\/\/www.mm-sever.pt\/expo\/wp-json\/wp\/v2\/comments?post=25"}],"version-history":[{"count":10,"href":"https:\/\/www.mm-sever.pt\/expo\/wp-json\/wp\/v2\/pages\/25\/revisions"}],"predecessor-version":[{"id":210,"href":"https:\/\/www.mm-sever.pt\/expo\/wp-json\/wp\/v2\/pages\/25\/revisions\/210"}],"wp:attachment":[{"href":"https:\/\/www.mm-sever.pt\/expo\/wp-json\/wp\/v2\/media?parent=25"}],"curies":[{"name":"wp","href":"https:\/\/api.w.org\/{rel}","templated":true}]}}