{"id":250,"date":"2020-11-27T23:24:40","date_gmt":"2020-11-27T23:24:40","guid":{"rendered":"http:\/\/www.museudeseverdovouga.pt\/expo\/?page_id=250"},"modified":"2020-11-27T23:25:40","modified_gmt":"2020-11-27T23:25:40","slug":"19-1-puzzles","status":"publish","type":"page","link":"https:\/\/www.mm-sever.pt\/expo\/19-para-miudos-e-graudos\/19-1-puzzles\/","title":{"rendered":"19.1 &#8211; Puzzles"},"content":{"rendered":"\n<div style=\"height:50px\" aria-hidden=\"true\" class=\"wp-block-spacer\"><\/div>\n\n\n\n<p class=\"has-medium-font-size\">Apresentamos uma colec\u00e7\u00e3o de puzzles sobre os diversos n\u00facleos da Exposi\u00e7\u00e3o Permanente. Divirtam-se \ud83d\ude42 <\/p>\n\n\n\n<div style=\"height:50px\" aria-hidden=\"true\" class=\"wp-block-spacer\"><\/div>\n\n\n\n<iframe src=\"https:\/\/www.jigsawplanet.com\/?rc=play&amp;pid=0b0663432046&amp;view=iframe\" style=\"width:100%;height:600px\" frameborder=0 allowfullscreen><\/iframe>\n\n\n\n<p class=\"has-medium-font-size\"><strong>Marco Miriam\u00e9trico<\/strong><\/p>\n\n\n\n<div style=\"height:50px\" aria-hidden=\"true\" class=\"wp-block-spacer\"><\/div>\n\n\n\n<iframe src=\"https:\/\/www.jigsawplanet.com\/?rc=play&amp;pid=1412c56de96b&amp;view=iframe\" style=\"width:100%;height:600px\" frameborder=0 allowfullscreen><\/iframe>\n\n\n\n<p class=\"has-medium-font-size\"><strong>Territ\u00f3rio<\/strong><\/p>\n\n\n\n<div style=\"height:50px\" aria-hidden=\"true\" class=\"wp-block-spacer\"><\/div>\n\n\n\n<iframe src=\"https:\/\/www.jigsawplanet.com\/?rc=play&amp;pid=1412c56de96b&amp;view=iframe\" style=\"width:100%;height:600px\" frameborder=0 allowfullscreen><\/iframe>\n\n\n\n<p class=\"has-medium-font-size\"><strong>Primeiras Comunidades<\/strong><\/p>\n\n\n\n<div style=\"height:50px\" aria-hidden=\"true\" class=\"wp-block-spacer\"><\/div>\n\n\n\n<iframe src=\"https:\/\/www.jigsawplanet.com\/?rc=play&amp;pid=346e85948e05&amp;view=iframe\" style=\"width:100%;height:600px\" frameborder=0 allowfullscreen><\/iframe>\n\n\n\n<p class=\"has-medium-font-size\"><strong>D\u00f3lmens e Menires: Sinais no tempo e no espa\u00e7o<\/strong><\/p>\n\n\n\n<div style=\"height:50px\" aria-hidden=\"true\" class=\"wp-block-spacer\"><\/div>\n\n\n\n<iframe src=\"https:\/\/www.jigsawplanet.com\/?rc=play&amp;pid=380db5ec88ce&amp;view=iframe\" style=\"width:100%;height:600px\" frameborder=0 allowfullscreen><\/iframe>\n\n\n\n<p class=\"has-medium-font-size\"><strong>A Arte Rupestre: o imagin\u00e1rio gravado<\/strong><\/p>\n\n\n\n<div style=\"height:50px\" aria-hidden=\"true\" class=\"wp-block-spacer\"><\/div>\n\n\n\n<iframe src=\"https:\/\/www.jigsawplanet.com\/?rc=play&amp;pid=2f424f02b904&amp;view=iframe\" style=\"width:100%;height:600px\" frameborder=0 allowfullscreen><\/iframe>\n\n\n\n<p class=\"has-medium-font-size\"><strong>As Idades do Bronze e do Ferro: In\u00edcio das Hostilidades<\/strong><\/p>\n\n\n\n<div style=\"height:50px\" aria-hidden=\"true\" class=\"wp-block-spacer\"><\/div>\n\n\n\n<iframe src=\"https:\/\/www.jigsawplanet.com\/?rc=play&amp;pid=0785028402c6&amp;view=iframe\" style=\"width:100%;height:600px\" frameborder=0 allowfullscreen><\/iframe>\n\n\n\n<p class=\"has-medium-font-size\"><strong>Romaniza\u00e7\u00e3o<\/strong><\/p>\n\n\n\n<div style=\"height:50px\" aria-hidden=\"true\" class=\"wp-block-spacer\"><\/div>\n\n\n\n<iframe src=\"https:\/\/www.jigsawplanet.com\/?rc=play&amp;pid=273171ed48b2&amp;view=iframe\" style=\"width:100%;height:600px\" frameborder=0 allowfullscreen><\/iframe>\n\n\n\n<p class=\"has-medium-font-size\"><strong>Tempos Medievos<\/strong><\/p>\n\n\n\n<div style=\"height:50px\" aria-hidden=\"true\" class=\"wp-block-spacer\"><\/div>\n\n\n\n<iframe src=\"https:\/\/www.jigsawplanet.com\/?rc=play&amp;pid=273171ed48b2&amp;view=iframe\" style=\"width:100%;height:600px\" frameborder=0 allowfullscreen><\/iframe>\n\n\n\n<p class=\"has-medium-font-size\"><strong>F\u00e9<\/strong><\/p>\n\n\n\n<div style=\"height:50px\" aria-hidden=\"true\" class=\"wp-block-spacer\"><\/div>\n\n\n\n<iframe src=\"https:\/\/www.jigsawplanet.com\/?rc=play&amp;pid=0e2ea7eccf0a&amp;view=iframe\" style=\"width:100%;height:600px\" frameborder=0 allowfullscreen><\/iframe>\n\n\n\n<p class=\"has-medium-font-size\"><strong>A vida no campo<\/strong><\/p>\n\n\n\n<div style=\"height:50px\" aria-hidden=\"true\" class=\"wp-block-spacer\"><\/div>\n\n\n\n<iframe src=\"https:\/\/www.jigsawplanet.com\/?rc=play&amp;pid=19a92169eb07&amp;view=iframe\" style=\"width:100%;height:600px\" frameborder=0 allowfullscreen><\/iframe>\n\n\n\n<p class=\"has-medium-font-size\"><strong>Lactic\u00ednios<\/strong><\/p>\n\n\n\n<div style=\"height:50px\" aria-hidden=\"true\" class=\"wp-block-spacer\"><\/div>\n\n\n\n<iframe src=\"https:\/\/www.jigsawplanet.com\/?rc=play&amp;pid=2e52dc588341&amp;view=iframe\" style=\"width:100%;height:600px\" frameborder=0 allowfullscreen><\/iframe>\n\n\n\n<p class=\"has-medium-font-size\"><strong>A Linha do Vale do Vouga<\/strong><\/p>\n\n\n\n<div style=\"height:50px\" aria-hidden=\"true\" class=\"wp-block-spacer\"><\/div>\n\n\n\n<iframe src=\"https:\/\/www.jigsawplanet.com\/?rc=play&amp;pid=1961fc06f942&amp;view=iframe\" style=\"width:100%;height:600px\" frameborder=0 allowfullscreen><\/iframe>\n\n\n\n<p class=\"has-medium-font-size\"><strong>As Minas do Bra\u00e7al<\/strong><\/p>\n\n\n\n<div style=\"height:50px\" aria-hidden=\"true\" class=\"wp-block-spacer\"><\/div>\n","protected":false},"excerpt":{"rendered":"<p>Apresentamos uma colec\u00e7\u00e3o de puzzles sobre os diversos n\u00facleos da Exposi\u00e7\u00e3o Permanente. Divirtam-se \ud83d\ude42 Marco Miriam\u00e9trico Territ\u00f3rio Primeiras Comunidades D\u00f3lmens e Menires: Sinais no tempo e no espa\u00e7o A Arte Rupestre: o imagin\u00e1rio gravado As Idades do Bronze e do Ferro: In\u00edcio das Hostilidades Romaniza\u00e7\u00e3o Tempos Medievos F\u00e9 A vida no campo Lactic\u00ednios A Linha [&hellip;]<\/p>\n","protected":false},"author":1,"featured_media":0,"parent":247,"menu_order":1,"comment_status":"closed","ping_status":"closed","template":"","meta":{"footnotes":""},"_links":{"self":[{"href":"https:\/\/www.mm-sever.pt\/expo\/wp-json\/wp\/v2\/pages\/250"}],"collection":[{"href":"https:\/\/www.mm-sever.pt\/expo\/wp-json\/wp\/v2\/pages"}],"about":[{"href":"https:\/\/www.mm-sever.pt\/expo\/wp-json\/wp\/v2\/types\/page"}],"author":[{"embeddable":true,"href":"https:\/\/www.mm-sever.pt\/expo\/wp-json\/wp\/v2\/users\/1"}],"replies":[{"embeddable":true,"href":"https:\/\/www.mm-sever.pt\/expo\/wp-json\/wp\/v2\/comments?post=250"}],"version-history":[{"count":7,"href":"https:\/\/www.mm-sever.pt\/expo\/wp-json\/wp\/v2\/pages\/250\/revisions"}],"predecessor-version":[{"id":257,"href":"https:\/\/www.mm-sever.pt\/expo\/wp-json\/wp\/v2\/pages\/250\/revisions\/257"}],"up":[{"embeddable":true,"href":"https:\/\/www.mm-sever.pt\/expo\/wp-json\/wp\/v2\/pages\/247"}],"wp:attachment":[{"href":"https:\/\/www.mm-sever.pt\/expo\/wp-json\/wp\/v2\/media?parent=250"}],"curies":[{"name":"wp","href":"https:\/\/api.w.org\/{rel}","templated":true}]}}