{"id":259,"date":"2020-11-27T23:32:36","date_gmt":"2020-11-27T23:32:36","guid":{"rendered":"http:\/\/www.museudeseverdovouga.pt\/expo\/?page_id=259"},"modified":"2020-11-28T09:52:06","modified_gmt":"2020-11-28T09:52:06","slug":"19-2-palavras-cruzadas-miudos","status":"publish","type":"page","link":"https:\/\/www.mm-sever.pt\/expo\/19-para-miudos-e-graudos\/19-2-palavras-cruzadas-miudos\/","title":{"rendered":"19.2 &#8211; Palavras Cruzadas (Mi\u00fados)"},"content":{"rendered":"\n<div style=\"height:50px\" aria-hidden=\"true\" class=\"wp-block-spacer\"><\/div>\n\n\n\n<p class=\"has-medium-font-size\">Apresentamos uma colec\u00e7\u00e3o de puzzles sobre os diversos n\u00facleos da Exposi\u00e7\u00e3o Permanente. Divirtam-se. \ud83d\ude42 <\/p>\n\n\n\n<div style=\"height:50px\" aria-hidden=\"true\" class=\"wp-block-spacer\"><\/div>\n\n\n\n<h3 class=\"wp-block-heading\">Marco Miriam\u00e9trico<\/h3>\n\n\n\n<iframe loading=\"lazy\" allowfullscreen=\"true\" style=\"border:none;width: 100% !important;position: static;display: block !important;margin: 0 !important;\" name=\"c87572ad1b7dec2223486144f5cf8836b06f1c99639786a6423e23b21549d63d\" src=\"https:\/\/amuselabs.com\/pmm\/crossword?id=4dfa309f&amp;set=c87572ad1b7dec2223486144f5cf8836b06f1c99639786a6423e23b21549d63d&amp;embed=1&amp;compact=1&amp;maxCols=2\" width=\"100%\" height=\"700\"><\/iframe>\n\n\n\n<div style=\"height:30px\" aria-hidden=\"true\" class=\"wp-block-spacer\"><\/div>\n\n\n\n<h3 class=\"wp-block-heading\">Territ\u00f3rio<\/h3>\n\n\n\n<iframe loading=\"lazy\" allowfullscreen=\"true\" style=\"border:none;width: 100% !important;position: static;display: block !important;margin: 0 !important;\" name=\"c87572ad1b7dec2223486144f5cf8836b06f1c99639786a6423e23b21549d63d\" src=\"https:\/\/amuselabs.com\/pmm\/crossword?id=77e26417&amp;set=c87572ad1b7dec2223486144f5cf8836b06f1c99639786a6423e23b21549d63d&amp;embed=1&amp;compact=1&amp;maxCols=2\" width=\"100%\" height=\"700\"><\/iframe>\n\n\n\n<div style=\"height:30px\" aria-hidden=\"true\" class=\"wp-block-spacer\"><\/div>\n\n\n\n<h3 class=\"wp-block-heading\">Primeiras Comunidades<\/h3>\n\n\n\n<iframe loading=\"lazy\" allowfullscreen=\"true\" style=\"border:none;width: 100% !important;position: static;display: block !important;margin: 0 !important;\" name=\"c87572ad1b7dec2223486144f5cf8836b06f1c99639786a6423e23b21549d63d\" src=\"https:\/\/amuselabs.com\/pmm\/crossword?id=81773dc8&amp;set=c87572ad1b7dec2223486144f5cf8836b06f1c99639786a6423e23b21549d63d&amp;embed=1&amp;compact=1&amp;maxCols=2\" width=\"100%\" height=\"700\"><\/iframe>\n\n\n\n<div style=\"height:30px\" aria-hidden=\"true\" class=\"wp-block-spacer\"><\/div>\n\n\n\n<h3 class=\"wp-block-heading\">D\u00f3lmens e Menires: Sinais no tempo e no espa\u00e7o<\/h3>\n\n\n\n<iframe loading=\"lazy\" allowfullscreen=\"true\" style=\"border:none;width: 100% !important;position: static;display: block !important;margin: 0 !important;\" name=\"c87572ad1b7dec2223486144f5cf8836b06f1c99639786a6423e23b21549d63d\" src=\"https:\/\/amuselabs.com\/pmm\/crossword?id=3af0575f&amp;set=c87572ad1b7dec2223486144f5cf8836b06f1c99639786a6423e23b21549d63d&amp;embed=1&amp;compact=1&amp;maxCols=2\" width=\"100%\" height=\"700\"><\/iframe>\n\n\n\n<div style=\"height:30px\" aria-hidden=\"true\" class=\"wp-block-spacer\"><\/div>\n\n\n\n<h3 class=\"wp-block-heading\">A Metalurgia: In\u00edcio de uma nova era<\/h3>\n\n\n\n<iframe loading=\"lazy\" allowfullscreen=\"true\" style=\"border:none;width: 100% !important;position: static;display: block !important;margin: 0 !important;\" name=\"c87572ad1b7dec2223486144f5cf8836b06f1c99639786a6423e23b21549d63d\" src=\"https:\/\/amuselabs.com\/pmm\/crossword?id=28716729&amp;set=c87572ad1b7dec2223486144f5cf8836b06f1c99639786a6423e23b21549d63d&amp;embed=1&amp;compact=1&amp;maxCols=2\" width=\"100%\" height=\"700\"><\/iframe>\n\n\n\n<div style=\"height:30px\" aria-hidden=\"true\" class=\"wp-block-spacer\"><\/div>\n\n\n\n<h3 class=\"wp-block-heading\">A Metalurgia: In\u00edcio de uma nova era<\/h3>\n\n\n\n<iframe loading=\"lazy\" allowfullscreen=\"true\" style=\"border:none;width: 100% !important;position: static;display: block !important;margin: 0 !important;\" name=\"c87572ad1b7dec2223486144f5cf8836b06f1c99639786a6423e23b21549d63d\" src=\"https:\/\/amuselabs.com\/pmm\/crossword?id=93f45eea&amp;set=c87572ad1b7dec2223486144f5cf8836b06f1c99639786a6423e23b21549d63d&amp;embed=1&amp;compact=1&amp;maxCols=2\" width=\"100%\" height=\"700\"><\/iframe>\n\n\n\n<div style=\"height:30px\" aria-hidden=\"true\" class=\"wp-block-spacer\"><\/div>\n\n\n\n<h3 class=\"wp-block-heading\">A Arte Rupestre: o imagin\u00e1rio gravado<\/h3>\n\n\n\n<iframe loading=\"lazy\" allowfullscreen=\"true\" style=\"border:none;width: 100% !important;position: static;display: block !important;margin: 0 !important;\" name=\"c87572ad1b7dec2223486144f5cf8836b06f1c99639786a6423e23b21549d63d\" src=\"https:\/\/amuselabs.com\/pmm\/crossword?id=93f45eea&amp;set=c87572ad1b7dec2223486144f5cf8836b06f1c99639786a6423e23b21549d63d&amp;embed=1&amp;compact=1&amp;maxCols=2\" width=\"100%\" height=\"700\"><\/iframe>\n\n\n\n<div style=\"height:30px\" aria-hidden=\"true\" class=\"wp-block-spacer\"><\/div>\n\n\n\n<h3 class=\"wp-block-heading\">As Idades do Bronze e do Ferro: In\u00edcio das Hostilidades<\/h3>\n\n\n\n<iframe loading=\"lazy\" allowfullscreen=\"true\" style=\"border:none;width: 100% !important;position: static;display: block !important;margin: 0 !important;\" name=\"c87572ad1b7dec2223486144f5cf8836b06f1c99639786a6423e23b21549d63d\" src=\"https:\/\/amuselabs.com\/pmm\/crossword?id=284bd5ec&amp;set=c87572ad1b7dec2223486144f5cf8836b06f1c99639786a6423e23b21549d63d&amp;embed=1&amp;compact=1&amp;maxCols=2\" width=\"100%\" height=\"700\"><\/iframe>\n\n\n\n<div style=\"height:30px\" aria-hidden=\"true\" class=\"wp-block-spacer\"><\/div>\n\n\n\n<h3 class=\"wp-block-heading\">Romaniza\u00e7\u00e3o<\/h3>\n\n\n\n<iframe loading=\"lazy\" allowfullscreen=\"true\" style=\"border:none;width: 100% !important;position: static;display: block !important;margin: 0 !important;\" name=\"c87572ad1b7dec2223486144f5cf8836b06f1c99639786a6423e23b21549d63d\" src=\"https:\/\/amuselabs.com\/pmm\/crossword?id=327e8799&amp;set=c87572ad1b7dec2223486144f5cf8836b06f1c99639786a6423e23b21549d63d&amp;embed=1&amp;compact=1&amp;maxCols=2\" width=\"100%\" height=\"700\"><\/iframe>\n\n\n\n<div style=\"height:30px\" aria-hidden=\"true\" class=\"wp-block-spacer\"><\/div>\n\n\n\n<h3 class=\"wp-block-heading\">Tempos Medievos<\/h3>\n\n\n\n<iframe loading=\"lazy\" allowfullscreen=\"true\" style=\"border:none;width: 100% !important;position: static;display: block !important;margin: 0 !important;\" name=\"c87572ad1b7dec2223486144f5cf8836b06f1c99639786a6423e23b21549d63d\" src=\"https:\/\/amuselabs.com\/pmm\/crossword?id=f9efcaba&amp;set=c87572ad1b7dec2223486144f5cf8836b06f1c99639786a6423e23b21549d63d&amp;embed=1&amp;compact=1&amp;maxCols=2\" width=\"100%\" height=\"700\"><\/iframe>\n\n\n\n<div style=\"height:30px\" aria-hidden=\"true\" class=\"wp-block-spacer\"><\/div>\n\n\n\n<h3 class=\"wp-block-heading\">F\u00e9<\/h3>\n\n\n\n<iframe loading=\"lazy\" allowfullscreen=\"true\" style=\"border:none;width: 100% !important;position: static;display: block !important;margin: 0 !important;\" name=\"c87572ad1b7dec2223486144f5cf8836b06f1c99639786a6423e23b21549d63d\" src=\"https:\/\/amuselabs.com\/pmm\/crossword?id=c6d87d1a&amp;set=c87572ad1b7dec2223486144f5cf8836b06f1c99639786a6423e23b21549d63d&amp;embed=1&amp;compact=1&amp;maxCols=2\" width=\"100%\" height=\"700\"><\/iframe>\n\n\n\n<div style=\"height:30px\" aria-hidden=\"true\" class=\"wp-block-spacer\"><\/div>\n\n\n\n<h3 class=\"wp-block-heading\">A vida no campo<\/h3>\n\n\n\n<iframe loading=\"lazy\" allowfullscreen=\"true\" style=\"border:none;width: 100% !important;position: static;display: block !important;margin: 0 !important;\" name=\"c87572ad1b7dec2223486144f5cf8836b06f1c99639786a6423e23b21549d63d\" src=\"https:\/\/amuselabs.com\/pmm\/crossword?id=8b5a7445&amp;set=c87572ad1b7dec2223486144f5cf8836b06f1c99639786a6423e23b21549d63d&amp;embed=1&amp;compact=1&amp;maxCols=2\" width=\"100%\" height=\"700\"><\/iframe>\n\n\n\n<div style=\"height:30px\" aria-hidden=\"true\" class=\"wp-block-spacer\"><\/div>\n\n\n\n<h3 class=\"wp-block-heading\">Latic\u00ednios<\/h3>\n\n\n\n<iframe loading=\"lazy\" allowfullscreen=\"true\" style=\"border:none;width: 100% !important;position: static;display: block !important;margin: 0 !important;\" name=\"c87572ad1b7dec2223486144f5cf8836b06f1c99639786a6423e23b21549d63d\" src=\"https:\/\/amuselabs.com\/pmm\/crossword?id=a47746e8&amp;set=c87572ad1b7dec2223486144f5cf8836b06f1c99639786a6423e23b21549d63d&amp;embed=1&amp;compact=1&amp;maxCols=2\" width=\"100%\" height=\"700\"><\/iframe>\n\n\n\n<div style=\"height:30px\" aria-hidden=\"true\" class=\"wp-block-spacer\"><\/div>\n\n\n\n<h3 class=\"wp-block-heading\">A Linha do Vale do Vouga<\/h3>\n\n\n\n<iframe loading=\"lazy\" allowfullscreen=\"true\" style=\"border:none;width: 100% !important;position: static;display: block !important;margin: 0 !important;\" name=\"c87572ad1b7dec2223486144f5cf8836b06f1c99639786a6423e23b21549d63d\" src=\"https:\/\/amuselabs.com\/pmm\/crossword?id=90e6c2c5&amp;set=c87572ad1b7dec2223486144f5cf8836b06f1c99639786a6423e23b21549d63d&amp;embed=1&amp;compact=1&amp;maxCols=2\" width=\"100%\" height=\"700\"><\/iframe>\n\n\n\n<div style=\"height:30px\" aria-hidden=\"true\" class=\"wp-block-spacer\"><\/div>\n\n\n\n<h3 class=\"wp-block-heading\">Os S\u00e9culos da Mem\u00f3ria<\/h3>\n\n\n\n<iframe loading=\"lazy\" allowfullscreen=\"true\" style=\"border:none;width: 100% !important;position: static;display: block !important;margin: 0 !important;\" name=\"c87572ad1b7dec2223486144f5cf8836b06f1c99639786a6423e23b21549d63d\" src=\"https:\/\/amuselabs.com\/pmm\/crossword?id=09bb163c&amp;set=c87572ad1b7dec2223486144f5cf8836b06f1c99639786a6423e23b21549d63d&amp;embed=1&amp;compact=1&amp;maxCols=2\" width=\"100%\" height=\"700\"><\/iframe>\n\n\n\n<div style=\"height:30px\" aria-hidden=\"true\" class=\"wp-block-spacer\"><\/div>\n\n\n\n<h3 class=\"wp-block-heading\">As Minas do Bra\u00e7al<\/h3>\n\n\n\n<iframe loading=\"lazy\" allowfullscreen=\"true\" style=\"border:none;width: 100% !important;position: static;display: block !important;margin: 0 !important;\" name=\"c87572ad1b7dec2223486144f5cf8836b06f1c99639786a6423e23b21549d63d\" src=\"https:\/\/amuselabs.com\/pmm\/crossword?id=98eace71&amp;set=c87572ad1b7dec2223486144f5cf8836b06f1c99639786a6423e23b21549d63d&amp;embed=1&amp;compact=1&amp;maxCols=2\" width=\"100%\" height=\"700\"><\/iframe>\n\n\n\n<div style=\"height:30px\" aria-hidden=\"true\" class=\"wp-block-spacer\"><\/div>\n\n\n\n<h3 class=\"wp-block-heading\">Mirtilo<\/h3>\n\n\n\n<iframe loading=\"lazy\" allowfullscreen=\"true\" style=\"border:none;width: 100% !important;position: static;display: block !important;margin: 0 !important;\" name=\"c87572ad1b7dec2223486144f5cf8836b06f1c99639786a6423e23b21549d63d\" src=\"https:\/\/amuselabs.com\/pmm\/crossword?id=811a8f52&amp;set=c87572ad1b7dec2223486144f5cf8836b06f1c99639786a6423e23b21549d63d&amp;embed=1&amp;compact=1&amp;maxCols=2\" width=\"100%\" height=\"700\"><\/iframe>\n\n\n\n<div style=\"height:50px\" aria-hidden=\"true\" class=\"wp-block-spacer\"><\/div>\n","protected":false},"excerpt":{"rendered":"<p>Apresentamos uma colec\u00e7\u00e3o de puzzles sobre os diversos n\u00facleos da Exposi\u00e7\u00e3o Permanente. Divirtam-se. \ud83d\ude42 Marco Miriam\u00e9trico Territ\u00f3rio Primeiras Comunidades D\u00f3lmens e Menires: Sinais no tempo e no espa\u00e7o A Metalurgia: In\u00edcio de uma nova era A Metalurgia: In\u00edcio de uma nova era A Arte Rupestre: o imagin\u00e1rio gravado As Idades do Bronze e do Ferro: [&hellip;]<\/p>\n","protected":false},"author":1,"featured_media":0,"parent":247,"menu_order":2,"comment_status":"closed","ping_status":"closed","template":"","meta":{"footnotes":""},"_links":{"self":[{"href":"https:\/\/www.mm-sever.pt\/expo\/wp-json\/wp\/v2\/pages\/259"}],"collection":[{"href":"https:\/\/www.mm-sever.pt\/expo\/wp-json\/wp\/v2\/pages"}],"about":[{"href":"https:\/\/www.mm-sever.pt\/expo\/wp-json\/wp\/v2\/types\/page"}],"author":[{"embeddable":true,"href":"https:\/\/www.mm-sever.pt\/expo\/wp-json\/wp\/v2\/users\/1"}],"replies":[{"embeddable":true,"href":"https:\/\/www.mm-sever.pt\/expo\/wp-json\/wp\/v2\/comments?post=259"}],"version-history":[{"count":5,"href":"https:\/\/www.mm-sever.pt\/expo\/wp-json\/wp\/v2\/pages\/259\/revisions"}],"predecessor-version":[{"id":265,"href":"https:\/\/www.mm-sever.pt\/expo\/wp-json\/wp\/v2\/pages\/259\/revisions\/265"}],"up":[{"embeddable":true,"href":"https:\/\/www.mm-sever.pt\/expo\/wp-json\/wp\/v2\/pages\/247"}],"wp:attachment":[{"href":"https:\/\/www.mm-sever.pt\/expo\/wp-json\/wp\/v2\/media?parent=259"}],"curies":[{"name":"wp","href":"https:\/\/api.w.org\/{rel}","templated":true}]}}