{"id":34,"date":"2020-06-06T21:47:35","date_gmt":"2020-06-06T21:47:35","guid":{"rendered":"http:\/\/www.museudeseverdovouga.pt\/expo\/?page_id=34"},"modified":"2020-06-10T10:34:41","modified_gmt":"2020-06-10T10:34:41","slug":"territorio","status":"publish","type":"page","link":"https:\/\/www.mm-sever.pt\/expo\/territorio\/","title":{"rendered":"02 &#8211; Territ\u00f3rio"},"content":{"rendered":"\n<blockquote class=\"wp-block-quote is-style-default is-layout-flow wp-block-quote-is-layout-flow\"><p><em>&#8220;\u2026o terreno incluso abunda em \u00e1gua, que desce dos combros, corre cascalhando nas veigas, d\u00e1 vi\u00e7o e frescor aos sulcos e dobras do relevo. De entre frondes e ramadas, os espigueiros mostram as grossas patas de granito nos fundos, amieiros e salgueiros s\u00e3o os pr\u00f3prios ribeiros feitos \u00e1rvores; e troncos robustos de sobreiros e carvalhos negrejam nas estradas altas, sublinhando, como sobrancelhas carregadas, o olhar luminoso e l\u00edquido das paisagens&#8221;<br><\/em><br>Jaime Cortes\u00e3o, &#8220;A Caminho de Arouca&#8221;.<em> O Primeiro de Janeiro<\/em>, 88:256, 16-09-1956<\/p><\/blockquote>\n\n\n\n<p class=\"has-text-align-center has-medium-font-size\">\n<iframe loading=\"lazy\" width=\"800\" height=\"555\" src=\"https:\/\/www.youtube-nocookie.com\/embed\/uTfG90WEvsw?autoplay=1;mute=0\" frameborder=\"0\" allow=\"accelerometer; encrypted-media; gyroscope; picture-in-picture\" allowfullscreen=\"allowfullscreen\"><\/iframe>\n\n\n\n<p class=\"has-medium-font-size\">Situado no distrito de AVEIRO, o concelho de Sever do Vouga ocupa uma \u00e1rea de 130Km2 e \u00e9 composto por sete freguesias, sendo ali a vila de Sever do Vouga a sede do munic\u00edpio.<\/p>\n\n\n\n<p class=\"has-medium-font-size\">As paisagens que aqui contemplamos s\u00e3o indelevelmente marcadas pelas serras do Arestal e de Talhadas e tamb\u00e9m pelo rio Vouga, cujo percurso, no concelho, se estende por 19 Km em vale encaixado. Outros cursos de \u00e1gua merecem destaque, nomeadamente, o Bom\/Mau, o Teixeira, o Lordelo, o Gresso, o Filveda e o Alfusqueiro.<\/p>\n\n\n\n<p class=\"has-medium-font-size\">Esta \u00e1rea, onde predominam granitos e xistos, situa-se na bacia m\u00e9dia do rio Vouga. No munic\u00edpio, este curso de \u00e1gua est\u00e1 classificado como S\u00edtio de Import\u00e2ncia Comunit\u00e1rio (SIC) por apresentar uma galeria rip\u00edcola bem conservada e constituir um importante habitat para a lontra, a salamandra-lusit\u00e2nica e diversas esp\u00e9cies pisc\u00edcolas.<\/p>\n\n\n\n<p class=\"has-medium-font-size\">O relevo acidentado e os dif\u00edceis acessos n\u00e3o impediram que a ocupa\u00e7\u00e3o humana tenha aumentado at\u00e9 aos anos 60 do s\u00e9culo XX. Posteriormente, o despovoamento e o progressivo decl\u00ednio da agricultura, a par com um significativo aumento dos setores secund\u00e1rio e terci\u00e1rio, promoveram uma intensa modifica\u00e7\u00e3o na estrutura e din\u00e2mica da paisagem bem como na economia local. As povoa\u00e7\u00f5es encontram-se dispersas e as explora\u00e7\u00f5es agr\u00edcolas s\u00e3o caracterizadas pela pequena dimens\u00e3o. J\u00e1 a mancha florestal ocupa grandes extens\u00f5es cont\u00ednuas de terreno.<\/p>\n\n\n\n<p class=\"has-medium-font-size\">Se as for\u00e7as da Natureza formarem granitos, xistos, montanhas, rios, cascatas e florestas, o esfor\u00e7o humano, em Sever do Vouga, construiu d\u00f3lmens, pontes, minas, moinhos, linhas f\u00e9rreas, barragens, lameiros, socalcos, alminhas e espigueiros, testemunhos da mem\u00f3ria das comunidades que por aqui passaram.<\/p>\n\n\n\n<div style=\"height:50px\" aria-hidden=\"true\" class=\"wp-block-spacer\"><\/div>\n\n\n\n<div class=\"wp-block-buttons aligncenter is-layout-flex wp-block-buttons-is-layout-flex\">\n<div class=\"wp-block-button is-style-outline\"><a class=\"wp-block-button__link\" href=\"http:\/\/www.museudeseverdovouga.pt\/expo\/?page_id=25\">&lt;&lt;&lt; MARCO<\/a><\/div>\n\n\n\n<div class=\"wp-block-button is-style-outline\"><a class=\"wp-block-button__link\" href=\"http:\/\/www.museudeseverdovouga.pt\/expo\/?page_id=47\">AS PRIMEIRAS COMUNIDADES &gt;&gt;&gt;<\/a><\/div>\n<\/div>\n\n\n\n<div style=\"height:50px\" aria-hidden=\"true\" class=\"wp-block-spacer\"><\/div>\n","protected":false},"excerpt":{"rendered":"<p>&#8220;\u2026o terreno incluso abunda em \u00e1gua, que desce dos combros, corre cascalhando nas veigas, d\u00e1 vi\u00e7o e frescor aos sulcos e dobras do relevo. De entre frondes e ramadas, os espigueiros mostram as grossas patas de granito nos fundos, amieiros e salgueiros s\u00e3o os pr\u00f3prios ribeiros feitos \u00e1rvores; e troncos robustos de sobreiros e carvalhos [&hellip;]<\/p>\n","protected":false},"author":1,"featured_media":0,"parent":0,"menu_order":2,"comment_status":"closed","ping_status":"closed","template":"","meta":{"footnotes":""},"_links":{"self":[{"href":"https:\/\/www.mm-sever.pt\/expo\/wp-json\/wp\/v2\/pages\/34"}],"collection":[{"href":"https:\/\/www.mm-sever.pt\/expo\/wp-json\/wp\/v2\/pages"}],"about":[{"href":"https:\/\/www.mm-sever.pt\/expo\/wp-json\/wp\/v2\/types\/page"}],"author":[{"embeddable":true,"href":"https:\/\/www.mm-sever.pt\/expo\/wp-json\/wp\/v2\/users\/1"}],"replies":[{"embeddable":true,"href":"https:\/\/www.mm-sever.pt\/expo\/wp-json\/wp\/v2\/comments?post=34"}],"version-history":[{"count":16,"href":"https:\/\/www.mm-sever.pt\/expo\/wp-json\/wp\/v2\/pages\/34\/revisions"}],"predecessor-version":[{"id":238,"href":"https:\/\/www.mm-sever.pt\/expo\/wp-json\/wp\/v2\/pages\/34\/revisions\/238"}],"wp:attachment":[{"href":"https:\/\/www.mm-sever.pt\/expo\/wp-json\/wp\/v2\/media?parent=34"}],"curies":[{"name":"wp","href":"https:\/\/api.w.org\/{rel}","templated":true}]}}