{"id":65,"date":"2020-06-06T22:14:10","date_gmt":"2020-06-06T22:14:10","guid":{"rendered":"http:\/\/www.museudeseverdovouga.pt\/expo\/?page_id=65"},"modified":"2020-06-08T14:54:34","modified_gmt":"2020-06-08T14:54:34","slug":"neo","status":"publish","type":"page","link":"https:\/\/www.mm-sever.pt\/expo\/neo\/","title":{"rendered":"04 &#8211; D\u00f3lmens e Menires: Sinais no tempo e no espa\u00e7o"},"content":{"rendered":"\n<figure class=\"wp-block-image size-large\"><img loading=\"lazy\" decoding=\"async\" width=\"1024\" height=\"768\" src=\"http:\/\/www.museudeseverdovouga.pt\/expo\/wp-content\/uploads\/neo14-1-1024x768.jpg\" alt=\"\" class=\"wp-image-180\" srcset=\"https:\/\/www.mm-sever.pt\/expo\/wp-content\/uploads\/neo14-1-1024x768.jpg 1024w, https:\/\/www.mm-sever.pt\/expo\/wp-content\/uploads\/neo14-1-300x225.jpg 300w, https:\/\/www.mm-sever.pt\/expo\/wp-content\/uploads\/neo14-1-768x576.jpg 768w, https:\/\/www.mm-sever.pt\/expo\/wp-content\/uploads\/neo14-1.jpg 1280w\" sizes=\"(max-width: 1024px) 100vw, 1024px\" \/><\/figure>\n\n\n\n<p class=\"has-medium-font-size\">No concelho de Sever do Vouga s\u00e3o conhecidos quase meia centena de monumentos funer\u00e1rios pr\u00e9-hist\u00f3ricos.<br>Embora n\u00e3o haja data\u00e7\u00f5es absolutas que atestem com exatid\u00e3o as cronologias destes monumentos, podemos adiantar que os mais antigos d\u00f3lmens ter\u00e3o sido edificados h\u00e1 cerca de 6500 anos.<br>A principal caracter\u00edstica deste fen\u00f3meno \u00e9, no entanto, a enorme variedade de solu\u00e7\u00f5es arquitet\u00f3nicas destes sepulcros. Temos um primeiro momento, provavelmente datado dos finais do v mil\u00e9nio \/ in\u00edcios do IV mil\u00e9nio a.C., marcado por d\u00f3lmens de c\u00e2maras simples, de corredores indiferenciados e com corredores bem demarcados. Estamos certos que, a dado momento, ter\u00e3o coexistido, assim, v\u00e1rias arquiteturas num mesmo espa\u00e7o.<br>As principais necr\u00f3poles deste concelho encontram-se na Serra das Talhadas e na Serra do Arestal, onde podemos igualmente observar um raro menir, o Menir dos Lameirinhos, junto \u00e0 capela de S. Tiago do Arestal.<br>Todos estes monumentos eram locais essenciais na coes\u00e3o social, onde as comunidades ainda errantes de pastores e agricultores, encontravam um elemento aglutinador: a f\u00e9 numa vida al\u00e9m da morte.<\/p>\n\n\n\n<div style=\"height:50px\" aria-hidden=\"true\" class=\"wp-block-spacer\"><\/div>\n\n\n\n<figure class=\"wp-block-gallery columns-3 is-cropped wp-block-gallery-1 is-layout-flex wp-block-gallery-is-layout-flex\"><ul class=\"blocks-gallery-grid\"><li class=\"blocks-gallery-item\"><figure><a href=\"http:\/\/www.museudeseverdovouga.pt\/expo\/wp-content\/uploads\/neo02.jpg\"><img loading=\"lazy\" decoding=\"async\" width=\"1280\" height=\"1100\" src=\"http:\/\/www.museudeseverdovouga.pt\/expo\/wp-content\/uploads\/neo02.jpg\" alt=\"\" data-id=\"66\" data-full-url=\"http:\/\/www.museudeseverdovouga.pt\/expo\/wp-content\/uploads\/neo02.jpg\" data-link=\"http:\/\/www.museudeseverdovouga.pt\/expo\/?attachment_id=66\" class=\"wp-image-66\" srcset=\"https:\/\/www.mm-sever.pt\/expo\/wp-content\/uploads\/neo02.jpg 1280w, https:\/\/www.mm-sever.pt\/expo\/wp-content\/uploads\/neo02-300x258.jpg 300w, https:\/\/www.mm-sever.pt\/expo\/wp-content\/uploads\/neo02-1024x880.jpg 1024w, https:\/\/www.mm-sever.pt\/expo\/wp-content\/uploads\/neo02-768x660.jpg 768w\" sizes=\"(max-width: 1280px) 100vw, 1280px\" \/><\/a><\/figure><\/li><li class=\"blocks-gallery-item\"><figure><a href=\"http:\/\/www.museudeseverdovouga.pt\/expo\/wp-content\/uploads\/neo03.jpg\"><img loading=\"lazy\" decoding=\"async\" width=\"1280\" height=\"1100\" src=\"http:\/\/www.museudeseverdovouga.pt\/expo\/wp-content\/uploads\/neo03.jpg\" alt=\"\" data-id=\"67\" data-full-url=\"http:\/\/www.museudeseverdovouga.pt\/expo\/wp-content\/uploads\/neo03.jpg\" data-link=\"http:\/\/www.museudeseverdovouga.pt\/expo\/?attachment_id=67\" class=\"wp-image-67\" srcset=\"https:\/\/www.mm-sever.pt\/expo\/wp-content\/uploads\/neo03.jpg 1280w, https:\/\/www.mm-sever.pt\/expo\/wp-content\/uploads\/neo03-300x258.jpg 300w, https:\/\/www.mm-sever.pt\/expo\/wp-content\/uploads\/neo03-1024x880.jpg 1024w, https:\/\/www.mm-sever.pt\/expo\/wp-content\/uploads\/neo03-768x660.jpg 768w\" sizes=\"(max-width: 1280px) 100vw, 1280px\" \/><\/a><\/figure><\/li><li class=\"blocks-gallery-item\"><figure><a href=\"http:\/\/www.museudeseverdovouga.pt\/expo\/wp-content\/uploads\/neo04.jpg\"><img loading=\"lazy\" decoding=\"async\" width=\"1280\" height=\"1100\" src=\"http:\/\/www.museudeseverdovouga.pt\/expo\/wp-content\/uploads\/neo04.jpg\" alt=\"\" data-id=\"68\" data-full-url=\"http:\/\/www.museudeseverdovouga.pt\/expo\/wp-content\/uploads\/neo04.jpg\" data-link=\"http:\/\/www.museudeseverdovouga.pt\/expo\/?attachment_id=68\" class=\"wp-image-68\" srcset=\"https:\/\/www.mm-sever.pt\/expo\/wp-content\/uploads\/neo04.jpg 1280w, https:\/\/www.mm-sever.pt\/expo\/wp-content\/uploads\/neo04-300x258.jpg 300w, https:\/\/www.mm-sever.pt\/expo\/wp-content\/uploads\/neo04-1024x880.jpg 1024w, https:\/\/www.mm-sever.pt\/expo\/wp-content\/uploads\/neo04-768x660.jpg 768w\" sizes=\"(max-width: 1280px) 100vw, 1280px\" \/><\/a><\/figure><\/li><li class=\"blocks-gallery-item\"><figure><a href=\"http:\/\/www.museudeseverdovouga.pt\/expo\/wp-content\/uploads\/neo05.jpg\"><img loading=\"lazy\" decoding=\"async\" width=\"1280\" height=\"1100\" src=\"http:\/\/www.museudeseverdovouga.pt\/expo\/wp-content\/uploads\/neo05.jpg\" alt=\"\" data-id=\"69\" data-full-url=\"http:\/\/www.museudeseverdovouga.pt\/expo\/wp-content\/uploads\/neo05.jpg\" data-link=\"http:\/\/www.museudeseverdovouga.pt\/expo\/?attachment_id=69\" class=\"wp-image-69\" srcset=\"https:\/\/www.mm-sever.pt\/expo\/wp-content\/uploads\/neo05.jpg 1280w, https:\/\/www.mm-sever.pt\/expo\/wp-content\/uploads\/neo05-300x258.jpg 300w, https:\/\/www.mm-sever.pt\/expo\/wp-content\/uploads\/neo05-1024x880.jpg 1024w, https:\/\/www.mm-sever.pt\/expo\/wp-content\/uploads\/neo05-768x660.jpg 768w\" sizes=\"(max-width: 1280px) 100vw, 1280px\" \/><\/a><\/figure><\/li><li class=\"blocks-gallery-item\"><figure><a href=\"http:\/\/www.museudeseverdovouga.pt\/expo\/wp-content\/uploads\/neo06.jpg\"><img loading=\"lazy\" decoding=\"async\" width=\"1280\" height=\"1100\" src=\"http:\/\/www.museudeseverdovouga.pt\/expo\/wp-content\/uploads\/neo06.jpg\" alt=\"\" data-id=\"70\" data-full-url=\"http:\/\/www.museudeseverdovouga.pt\/expo\/wp-content\/uploads\/neo06.jpg\" data-link=\"http:\/\/www.museudeseverdovouga.pt\/expo\/?attachment_id=70\" class=\"wp-image-70\" srcset=\"https:\/\/www.mm-sever.pt\/expo\/wp-content\/uploads\/neo06.jpg 1280w, https:\/\/www.mm-sever.pt\/expo\/wp-content\/uploads\/neo06-300x258.jpg 300w, https:\/\/www.mm-sever.pt\/expo\/wp-content\/uploads\/neo06-1024x880.jpg 1024w, https:\/\/www.mm-sever.pt\/expo\/wp-content\/uploads\/neo06-768x660.jpg 768w\" sizes=\"(max-width: 1280px) 100vw, 1280px\" \/><\/a><\/figure><\/li><li class=\"blocks-gallery-item\"><figure><a href=\"http:\/\/www.museudeseverdovouga.pt\/expo\/wp-content\/uploads\/neo07.jpg\"><img loading=\"lazy\" decoding=\"async\" width=\"1280\" height=\"1100\" src=\"http:\/\/www.museudeseverdovouga.pt\/expo\/wp-content\/uploads\/neo07.jpg\" alt=\"\" data-id=\"71\" data-full-url=\"http:\/\/www.museudeseverdovouga.pt\/expo\/wp-content\/uploads\/neo07.jpg\" data-link=\"http:\/\/www.museudeseverdovouga.pt\/expo\/?attachment_id=71\" class=\"wp-image-71\" srcset=\"https:\/\/www.mm-sever.pt\/expo\/wp-content\/uploads\/neo07.jpg 1280w, https:\/\/www.mm-sever.pt\/expo\/wp-content\/uploads\/neo07-300x258.jpg 300w, https:\/\/www.mm-sever.pt\/expo\/wp-content\/uploads\/neo07-1024x880.jpg 1024w, https:\/\/www.mm-sever.pt\/expo\/wp-content\/uploads\/neo07-768x660.jpg 768w\" sizes=\"(max-width: 1280px) 100vw, 1280px\" \/><\/a><\/figure><\/li><li class=\"blocks-gallery-item\"><figure><a href=\"http:\/\/www.museudeseverdovouga.pt\/expo\/wp-content\/uploads\/neo10.jpg\"><img loading=\"lazy\" decoding=\"async\" width=\"1280\" height=\"1100\" src=\"http:\/\/www.museudeseverdovouga.pt\/expo\/wp-content\/uploads\/neo10.jpg\" alt=\"\" data-id=\"72\" data-full-url=\"http:\/\/www.museudeseverdovouga.pt\/expo\/wp-content\/uploads\/neo10.jpg\" data-link=\"http:\/\/www.museudeseverdovouga.pt\/expo\/?attachment_id=72\" class=\"wp-image-72\" srcset=\"https:\/\/www.mm-sever.pt\/expo\/wp-content\/uploads\/neo10.jpg 1280w, https:\/\/www.mm-sever.pt\/expo\/wp-content\/uploads\/neo10-300x258.jpg 300w, https:\/\/www.mm-sever.pt\/expo\/wp-content\/uploads\/neo10-1024x880.jpg 1024w, https:\/\/www.mm-sever.pt\/expo\/wp-content\/uploads\/neo10-768x660.jpg 768w\" sizes=\"(max-width: 1280px) 100vw, 1280px\" \/><\/a><\/figure><\/li><li class=\"blocks-gallery-item\"><figure><a href=\"http:\/\/www.museudeseverdovouga.pt\/expo\/wp-content\/uploads\/neo11.jpg\"><img loading=\"lazy\" decoding=\"async\" width=\"1280\" height=\"1100\" src=\"http:\/\/www.museudeseverdovouga.pt\/expo\/wp-content\/uploads\/neo11.jpg\" alt=\"\" data-id=\"73\" data-full-url=\"http:\/\/www.museudeseverdovouga.pt\/expo\/wp-content\/uploads\/neo11.jpg\" data-link=\"http:\/\/www.museudeseverdovouga.pt\/expo\/?attachment_id=73\" class=\"wp-image-73\" srcset=\"https:\/\/www.mm-sever.pt\/expo\/wp-content\/uploads\/neo11.jpg 1280w, https:\/\/www.mm-sever.pt\/expo\/wp-content\/uploads\/neo11-300x258.jpg 300w, https:\/\/www.mm-sever.pt\/expo\/wp-content\/uploads\/neo11-1024x880.jpg 1024w, https:\/\/www.mm-sever.pt\/expo\/wp-content\/uploads\/neo11-768x660.jpg 768w\" sizes=\"(max-width: 1280px) 100vw, 1280px\" \/><\/a><\/figure><\/li><li class=\"blocks-gallery-item\"><figure><a href=\"http:\/\/www.museudeseverdovouga.pt\/expo\/wp-content\/uploads\/neo12.jpg\"><img loading=\"lazy\" decoding=\"async\" width=\"1280\" height=\"1100\" src=\"http:\/\/www.museudeseverdovouga.pt\/expo\/wp-content\/uploads\/neo12.jpg\" alt=\"\" data-id=\"74\" data-full-url=\"http:\/\/www.museudeseverdovouga.pt\/expo\/wp-content\/uploads\/neo12.jpg\" data-link=\"http:\/\/www.museudeseverdovouga.pt\/expo\/?attachment_id=74\" class=\"wp-image-74\" srcset=\"https:\/\/www.mm-sever.pt\/expo\/wp-content\/uploads\/neo12.jpg 1280w, https:\/\/www.mm-sever.pt\/expo\/wp-content\/uploads\/neo12-300x258.jpg 300w, https:\/\/www.mm-sever.pt\/expo\/wp-content\/uploads\/neo12-1024x880.jpg 1024w, https:\/\/www.mm-sever.pt\/expo\/wp-content\/uploads\/neo12-768x660.jpg 768w\" sizes=\"(max-width: 1280px) 100vw, 1280px\" \/><\/a><\/figure><\/li><li class=\"blocks-gallery-item\"><figure><a href=\"http:\/\/www.museudeseverdovouga.pt\/expo\/wp-content\/uploads\/neo13.jpg\"><img loading=\"lazy\" decoding=\"async\" width=\"1280\" height=\"1100\" src=\"http:\/\/www.museudeseverdovouga.pt\/expo\/wp-content\/uploads\/neo13.jpg\" alt=\"\" data-id=\"75\" data-full-url=\"http:\/\/www.museudeseverdovouga.pt\/expo\/wp-content\/uploads\/neo13.jpg\" data-link=\"http:\/\/www.museudeseverdovouga.pt\/expo\/?attachment_id=75\" class=\"wp-image-75\" srcset=\"https:\/\/www.mm-sever.pt\/expo\/wp-content\/uploads\/neo13.jpg 1280w, https:\/\/www.mm-sever.pt\/expo\/wp-content\/uploads\/neo13-300x258.jpg 300w, https:\/\/www.mm-sever.pt\/expo\/wp-content\/uploads\/neo13-1024x880.jpg 1024w, https:\/\/www.mm-sever.pt\/expo\/wp-content\/uploads\/neo13-768x660.jpg 768w\" sizes=\"(max-width: 1280px) 100vw, 1280px\" \/><\/a><\/figure><\/li><li class=\"blocks-gallery-item\"><figure><a href=\"http:\/\/www.museudeseverdovouga.pt\/expo\/wp-content\/uploads\/neo14.jpg\"><img loading=\"lazy\" decoding=\"async\" width=\"1280\" height=\"960\" src=\"http:\/\/www.museudeseverdovouga.pt\/expo\/wp-content\/uploads\/neo14.jpg\" alt=\"\" data-id=\"76\" data-full-url=\"http:\/\/www.museudeseverdovouga.pt\/expo\/wp-content\/uploads\/neo14.jpg\" data-link=\"http:\/\/www.museudeseverdovouga.pt\/expo\/?attachment_id=76\" class=\"wp-image-76\" srcset=\"https:\/\/www.mm-sever.pt\/expo\/wp-content\/uploads\/neo14.jpg 1280w, https:\/\/www.mm-sever.pt\/expo\/wp-content\/uploads\/neo14-300x225.jpg 300w, https:\/\/www.mm-sever.pt\/expo\/wp-content\/uploads\/neo14-1024x768.jpg 1024w, https:\/\/www.mm-sever.pt\/expo\/wp-content\/uploads\/neo14-768x576.jpg 768w\" sizes=\"(max-width: 1280px) 100vw, 1280px\" \/><\/a><\/figure><\/li><li class=\"blocks-gallery-item\"><figure><a href=\"http:\/\/www.museudeseverdovouga.pt\/expo\/wp-content\/uploads\/neo15.jpg\"><img loading=\"lazy\" decoding=\"async\" width=\"1280\" height=\"1100\" src=\"http:\/\/www.museudeseverdovouga.pt\/expo\/wp-content\/uploads\/neo15.jpg\" alt=\"\" data-id=\"77\" data-full-url=\"http:\/\/www.museudeseverdovouga.pt\/expo\/wp-content\/uploads\/neo15.jpg\" data-link=\"http:\/\/www.museudeseverdovouga.pt\/expo\/?attachment_id=77\" class=\"wp-image-77\" srcset=\"https:\/\/www.mm-sever.pt\/expo\/wp-content\/uploads\/neo15.jpg 1280w, https:\/\/www.mm-sever.pt\/expo\/wp-content\/uploads\/neo15-300x258.jpg 300w, https:\/\/www.mm-sever.pt\/expo\/wp-content\/uploads\/neo15-1024x880.jpg 1024w, https:\/\/www.mm-sever.pt\/expo\/wp-content\/uploads\/neo15-768x660.jpg 768w\" sizes=\"(max-width: 1280px) 100vw, 1280px\" \/><\/a><\/figure><\/li><li class=\"blocks-gallery-item\"><figure><a href=\"http:\/\/www.museudeseverdovouga.pt\/expo\/wp-content\/uploads\/neo0809.jpg\"><img loading=\"lazy\" decoding=\"async\" width=\"1280\" height=\"1100\" src=\"http:\/\/www.museudeseverdovouga.pt\/expo\/wp-content\/uploads\/neo0809.jpg\" alt=\"\" data-id=\"78\" data-full-url=\"http:\/\/www.museudeseverdovouga.pt\/expo\/wp-content\/uploads\/neo0809.jpg\" data-link=\"http:\/\/www.museudeseverdovouga.pt\/expo\/?attachment_id=78\" class=\"wp-image-78\" srcset=\"https:\/\/www.mm-sever.pt\/expo\/wp-content\/uploads\/neo0809.jpg 1280w, https:\/\/www.mm-sever.pt\/expo\/wp-content\/uploads\/neo0809-300x258.jpg 300w, https:\/\/www.mm-sever.pt\/expo\/wp-content\/uploads\/neo0809-1024x880.jpg 1024w, https:\/\/www.mm-sever.pt\/expo\/wp-content\/uploads\/neo0809-768x660.jpg 768w\" sizes=\"(max-width: 1280px) 100vw, 1280px\" \/><\/a><\/figure><\/li><\/ul><\/figure>\n\n\n\n<h2 class=\"wp-block-heading\">Neol\u00edtico: a posse do territ\u00f3rio<\/h2>\n\n\n\n<p class=\"has-medium-font-size\">As comunidades humanas do neol\u00edtico que viveram no territ\u00f3rio de Sever do Vouga s\u00e3o ainda muito mal conhecidas. De facto, do longo per\u00edodo genericamente englobado pelos finais do VI mil\u00e9nio a.C. e os princ\u00edpios do III mil\u00e9nio aC, apenas possu\u00edmos vest\u00edgios da sua fase final que se dever\u00e1 situar entre os 4.500 e os 3.700 a.C. Os sinais desse passado s\u00e3o-nos transmitidos pelos imponentes sepulcros megal\u00edticos, os d\u00f3lmens ou antas, edificados sobretudo nos planaltos da Serra do Arestal e das Talhadas.<br>As comunidades humanas deste per\u00edodo seriam formadas por pequenos grupos de agricultores e pastores que completavam a sua economia com a ca\u00e7a e a recole\u00e7\u00e3o de frutos dependendo, deste modo, do que o territ\u00f3rio lhes proporcionava.<\/p>\n\n\n\n<div style=\"height:50px\" aria-hidden=\"true\" class=\"wp-block-spacer\"><\/div>\n\n\n\n<p class=\"has-medium-font-size\"><strong>Para saber mais:<\/strong><\/p>\n\n\n\n<ul><li>Consulte os seguintes artigo da WikiSever: <a rel=\"noreferrer noopener\" href=\"http:\/\/www.museudeseverdovouga.pt\/wikisever\/doku.php?id=cerqueira_conjunto_megalitico\" target=\"_blank\">Pedra Moura (Conjunto Megal\u00edtico)<\/a>; <a rel=\"noreferrer noopener\" href=\"http:\/\/www.museudeseverdovouga.pt\/wikisever\/doku.php?id=poco_mouros_dolmen\" target=\"_blank\">D\u00f3lmen do Po\u00e7o dos Mouros<\/a>; <a rel=\"noreferrer noopener\" href=\"http:\/\/www.museudeseverdovouga.pt\/wikisever\/doku.php?id=chao_redondo_conjunto_megalitico\" target=\"_blank\">Ch\u00e3o Redondo (Conjunto Megal\u00edtico)<\/a>; <a rel=\"noreferrer noopener\" href=\"http:\/\/www.museudeseverdovouga.pt\/wikisever\/doku.php?id=capela_mouros_anta\" target=\"_blank\">Anta da Capela dos Mouros<\/a><\/li><li>AAVV (2013) \u2013 . Sever do Vouga: C\u00e2mara Municipal<\/li><li>Filipe, Jo\u00e3o Carvalho dos Santos; et alli (2001) \u2013  Sever do Vouga: C\u00e2mara Municipal<\/li><li>P\u00eago, Maria Carlos Chieira (2002) \u2013 . Sever do Vouga: C\u00e2mara Municipal<\/li><li>Ramos, Fernando Soares (1998) \u2013 . Sever do Vouga: C\u00e2mara Municipal<\/li><li>Veiga, Pedro de Bastos (2019) \u2013 . Sever do Vouga: C\u00e2mara Municipal<\/li><\/ul>\n\n\n\n<div style=\"height:50px\" aria-hidden=\"true\" class=\"wp-block-spacer\"><\/div>\n\n\n\n<div class=\"wp-block-buttons aligncenter is-layout-flex wp-block-buttons-is-layout-flex\">\n<div class=\"wp-block-button is-style-outline\"><a class=\"wp-block-button__link\" href=\"http:\/\/www.museudeseverdovouga.pt\/expo\/?page_id=47\">&lt;&lt;&lt; 03 &#8211; AS PRIMEIRAS COMUNIDADES<\/a><\/div>\n\n\n\n<div class=\"wp-block-button is-style-outline\"><a class=\"wp-block-button__link\" href=\"http:\/\/www.museudeseverdovouga.pt\/expo\/?page_id=84\">05 &#8211; A METALURGIA &gt;&gt;&gt;<\/a><\/div>\n<\/div>\n\n\n\n<div style=\"height:50px\" aria-hidden=\"true\" class=\"wp-block-spacer\"><\/div>\n","protected":false},"excerpt":{"rendered":"<p>No concelho de Sever do Vouga s\u00e3o conhecidos quase meia centena de monumentos funer\u00e1rios pr\u00e9-hist\u00f3ricos.Embora n\u00e3o haja data\u00e7\u00f5es absolutas que atestem com exatid\u00e3o as cronologias destes monumentos, podemos adiantar que os mais antigos d\u00f3lmens ter\u00e3o sido edificados h\u00e1 cerca de 6500 anos.A principal caracter\u00edstica deste fen\u00f3meno \u00e9, no entanto, a enorme variedade de solu\u00e7\u00f5es arquitet\u00f3nicas [&hellip;]<\/p>\n","protected":false},"author":1,"featured_media":0,"parent":0,"menu_order":4,"comment_status":"closed","ping_status":"closed","template":"","meta":{"footnotes":""},"_links":{"self":[{"href":"https:\/\/www.mm-sever.pt\/expo\/wp-json\/wp\/v2\/pages\/65"}],"collection":[{"href":"https:\/\/www.mm-sever.pt\/expo\/wp-json\/wp\/v2\/pages"}],"about":[{"href":"https:\/\/www.mm-sever.pt\/expo\/wp-json\/wp\/v2\/types\/page"}],"author":[{"embeddable":true,"href":"https:\/\/www.mm-sever.pt\/expo\/wp-json\/wp\/v2\/users\/1"}],"replies":[{"embeddable":true,"href":"https:\/\/www.mm-sever.pt\/expo\/wp-json\/wp\/v2\/comments?post=65"}],"version-history":[{"count":5,"href":"https:\/\/www.mm-sever.pt\/expo\/wp-json\/wp\/v2\/pages\/65\/revisions"}],"predecessor-version":[{"id":181,"href":"https:\/\/www.mm-sever.pt\/expo\/wp-json\/wp\/v2\/pages\/65\/revisions\/181"}],"wp:attachment":[{"href":"https:\/\/www.mm-sever.pt\/expo\/wp-json\/wp\/v2\/media?parent=65"}],"curies":[{"name":"wp","href":"https:\/\/api.w.org\/{rel}","templated":true}]}}