{"id":95,"date":"2020-06-08T11:24:10","date_gmt":"2020-06-08T11:24:10","guid":{"rendered":"http:\/\/www.museudeseverdovouga.pt\/expo\/?page_id=95"},"modified":"2020-06-08T14:59:14","modified_gmt":"2020-06-08T14:59:14","slug":"metais","status":"publish","type":"page","link":"https:\/\/www.mm-sever.pt\/expo\/metais\/","title":{"rendered":"07 &#8211; As Idades do Bronze e do Ferro: In\u00edcio das Hostilidades"},"content":{"rendered":"\n<figure class=\"wp-block-image size-large\"><img loading=\"lazy\" decoding=\"async\" width=\"1024\" height=\"768\" src=\"http:\/\/www.museudeseverdovouga.pt\/expo\/wp-content\/uploads\/metal03-1024x768.jpg\" alt=\"\" class=\"wp-image-185\" srcset=\"https:\/\/www.mm-sever.pt\/expo\/wp-content\/uploads\/metal03-1024x768.jpg 1024w, https:\/\/www.mm-sever.pt\/expo\/wp-content\/uploads\/metal03-300x225.jpg 300w, https:\/\/www.mm-sever.pt\/expo\/wp-content\/uploads\/metal03-768x576.jpg 768w, https:\/\/www.mm-sever.pt\/expo\/wp-content\/uploads\/metal03.jpg 1280w\" sizes=\"(max-width: 1024px) 100vw, 1024px\" \/><\/figure>\n\n\n\n<p class=\"has-medium-font-size\">Embora a agricultura continuasse a ser a base de sustento destas popula\u00e7\u00f5es, assiste- se a uma crescente especializa\u00e7\u00e3o artesanal em que a produ\u00e7\u00e3o do bronze (estanho + cobre) vir\u00e1 a criar uma diferencia\u00e7\u00e3o social do trabalho. O artes\u00e3o coabitava junto dos seus, mas a sua capacidade t\u00e9cnica tornava-o um indiv\u00edduo especial, trazendo-lhe prest\u00edgio.<\/p>\n\n\n\n<p class=\"has-medium-font-size\">Com a passagem da Idade do Bronze para a Idade do Ferro, aumentam as desigualdades, denunciadas numa hierarquiza\u00e7\u00e3o social atestada nos bens de prest\u00edgio, dos quais o torques da Malhada \u00e9 um bom exemplo. Desenvolvem-se muralhas nos povoados que refletem uma instabilidade s\u00f3cio- pol\u00edtica resultante dos crescentes conflitos regionais.<\/p>\n\n\n\n<p class=\"has-medium-font-size\">A morte era agora encarada de modo diferente, havendo rituais muito diversos que compreendiam a inuma\u00e7\u00e3o individual, como aconteceu na Sepultura do Rei, e a incinera\u00e7\u00e3o, j\u00e1 nos finais da Idade do Bronze, h\u00e1 cerca de 3000 anos. As grandes constru\u00e7\u00f5es megal\u00edticas deram lugar a pequenos mont\u00edculos nada monumentais que hoje passam despercebidos na paisagem.<\/p>\n\n\n\n<div style=\"height:50px\" aria-hidden=\"true\" class=\"wp-block-spacer\"><\/div>\n\n\n\n<figure class=\"wp-block-gallery columns-2 is-cropped wp-block-gallery-1 is-layout-flex wp-block-gallery-is-layout-flex\"><ul class=\"blocks-gallery-grid\"><li class=\"blocks-gallery-item\"><figure><a href=\"http:\/\/www.museudeseverdovouga.pt\/expo\/wp-content\/uploads\/metal06.jpg\"><img loading=\"lazy\" decoding=\"async\" width=\"1024\" height=\"880\" src=\"http:\/\/www.museudeseverdovouga.pt\/expo\/wp-content\/uploads\/metal06-1024x880.jpg\" alt=\"\" data-id=\"98\" data-full-url=\"http:\/\/www.museudeseverdovouga.pt\/expo\/wp-content\/uploads\/metal06.jpg\" data-link=\"http:\/\/www.museudeseverdovouga.pt\/expo\/?attachment_id=98\" class=\"wp-image-98\" srcset=\"https:\/\/www.mm-sever.pt\/expo\/wp-content\/uploads\/metal06-1024x880.jpg 1024w, https:\/\/www.mm-sever.pt\/expo\/wp-content\/uploads\/metal06-300x258.jpg 300w, https:\/\/www.mm-sever.pt\/expo\/wp-content\/uploads\/metal06-768x660.jpg 768w, https:\/\/www.mm-sever.pt\/expo\/wp-content\/uploads\/metal06.jpg 1280w\" sizes=\"(max-width: 1024px) 100vw, 1024px\" \/><\/a><figcaption class=\"blocks-gallery-item__caption\">Vaso Troncoc\u00f3nico. Cast\u00ealo, Cedrim<\/figcaption><\/figure><\/li><li class=\"blocks-gallery-item\"><figure><a href=\"http:\/\/www.museudeseverdovouga.pt\/expo\/wp-content\/uploads\/metal05.jpg\"><img loading=\"lazy\" decoding=\"async\" width=\"1024\" height=\"880\" src=\"http:\/\/www.museudeseverdovouga.pt\/expo\/wp-content\/uploads\/metal05-1024x880.jpg\" alt=\"\" data-id=\"97\" data-full-url=\"http:\/\/www.museudeseverdovouga.pt\/expo\/wp-content\/uploads\/metal05.jpg\" data-link=\"http:\/\/www.museudeseverdovouga.pt\/expo\/?attachment_id=97\" class=\"wp-image-97\" srcset=\"https:\/\/www.mm-sever.pt\/expo\/wp-content\/uploads\/metal05-1024x880.jpg 1024w, https:\/\/www.mm-sever.pt\/expo\/wp-content\/uploads\/metal05-300x258.jpg 300w, https:\/\/www.mm-sever.pt\/expo\/wp-content\/uploads\/metal05-768x660.jpg 768w, https:\/\/www.mm-sever.pt\/expo\/wp-content\/uploads\/metal05.jpg 1280w\" sizes=\"(max-width: 1024px) 100vw, 1024px\" \/><\/a><figcaption class=\"blocks-gallery-item__caption\"><strong>Colar de contas<\/strong> de vidro.<br>Vale da Malhada, Rocas do Vouga<\/figcaption><\/figure><\/li><li class=\"blocks-gallery-item\"><figure><a href=\"http:\/\/www.museudeseverdovouga.pt\/expo\/wp-content\/uploads\/metal04-1024x880.jpg\"><img loading=\"lazy\" decoding=\"async\" width=\"1024\" height=\"880\" src=\"http:\/\/www.museudeseverdovouga.pt\/expo\/wp-content\/uploads\/metal04-1024x880.jpg\" alt=\"\" data-id=\"96\" data-link=\"http:\/\/www.museudeseverdovouga.pt\/expo\/?attachment_id=96\" class=\"wp-image-96\" srcset=\"https:\/\/www.mm-sever.pt\/expo\/wp-content\/uploads\/metal04-1024x880.jpg 1024w, https:\/\/www.mm-sever.pt\/expo\/wp-content\/uploads\/metal04-300x258.jpg 300w, https:\/\/www.mm-sever.pt\/expo\/wp-content\/uploads\/metal04-768x660.jpg 768w, https:\/\/www.mm-sever.pt\/expo\/wp-content\/uploads\/metal04.jpg 1280w\" sizes=\"(max-width: 1024px) 100vw, 1024px\" \/><\/a><figcaption class=\"blocks-gallery-item__caption\">Colar de ouro (r\u00e9plica).<br>Vale da Malhada, Rocas do Vouga<\/figcaption><\/figure><\/li><li class=\"blocks-gallery-item\"><figure><a href=\"http:\/\/www.museudeseverdovouga.pt\/expo\/wp-content\/uploads\/metal07.jpg\"><img loading=\"lazy\" decoding=\"async\" width=\"1024\" height=\"880\" src=\"http:\/\/www.museudeseverdovouga.pt\/expo\/wp-content\/uploads\/metal07-1024x880.jpg\" alt=\"\" data-id=\"99\" data-full-url=\"http:\/\/www.museudeseverdovouga.pt\/expo\/wp-content\/uploads\/metal07.jpg\" data-link=\"http:\/\/www.museudeseverdovouga.pt\/expo\/?attachment_id=99\" class=\"wp-image-99\" srcset=\"https:\/\/www.mm-sever.pt\/expo\/wp-content\/uploads\/metal07-1024x880.jpg 1024w, https:\/\/www.mm-sever.pt\/expo\/wp-content\/uploads\/metal07-300x258.jpg 300w, https:\/\/www.mm-sever.pt\/expo\/wp-content\/uploads\/metal07-768x660.jpg 768w, https:\/\/www.mm-sever.pt\/expo\/wp-content\/uploads\/metal07.jpg 1280w\" sizes=\"(max-width: 1024px) 100vw, 1024px\" \/><\/a><figcaption class=\"blocks-gallery-item__caption\">Colar de ouro.<br>Vale da Malhada, Rocas do Vouga<\/figcaption><\/figure><\/li><\/ul><\/figure>\n\n\n\n<div style=\"height:50px\" aria-hidden=\"true\" class=\"wp-block-spacer\"><\/div>\n\n\n\n<p class=\"has-medium-font-size\"><strong>Vaso Troncoc\u00f3nico:<\/strong> Recipiente achado na d\u00e9cada de 80 do s\u00e9c. XX e oferecido a <a href=\"http:\/\/www.museudeseverdovouga.pt\/wikisever\/doku.php?id=celso_tavares_da_silva\" target=\"_blank\" rel=\"noreferrer noopener\">Monsenhor Celso Tavares da Silva<\/a>, pelo p\u00e1roco de Cedrim. Monsenhor Celso Tavares da Silva (1916-1996), natural de Cedrim do Vouga, foi um dos mais eminentes arque\u00f3logos portugueses, tendo dedicado grande parte dos seus estudos \u00e0 arte rupestre.<\/p>\n\n\n\n<p class=\"has-medium-font-size\"><strong>Colar de contas em vidro e cer\u00e2mica.<\/strong> Como se desconhece o contexto do seu achado, \u00e9 dif\u00edcil precisar a sua cronologia, podendo, no entanto, estar enquadrada entre a Idade do Ferro e a \u00e9poca romana.<\/p>\n\n\n\n<p class=\"has-medium-font-size\"><strong>R\u00e9plica de torques<\/strong> achado em Fevereiro de 1906 no s\u00edtio do <a rel=\"noreferrer noopener\" href=\"http:\/\/www.museudeseverdovouga.pt\/wikisever\/doku.php?id=vale_da_malhada&amp;do=edit\" target=\"_blank\">Vale da Malhada<\/a>, em Vila Seca. Esta joia, usada ao pesco\u00e7o representava um \u201cbem de prest\u00edgio \u201creservada a uma elite social da Idade do Ferro, mostrando a influ\u00eancia c\u00e9ltica nesta regi\u00e3o. [O original encontra-se no <a rel=\"noreferrer noopener\" href=\"http:\/\/www.matriznet.dgpc.pt\/MatrizNet\/Objectos\/ObjectosConsultar.aspx?IdReg=112945\" target=\"_blank\">Museu Nacional de Arqueologia<\/a>, e foi declarado Tesouro Nacional]<\/p>\n\n\n\n<div style=\"height:50px\" aria-hidden=\"true\" class=\"wp-block-spacer\"><\/div>\n\n\n\n<p class=\"has-medium-font-size\"><strong>Para saber mais:<\/strong><\/p>\n\n\n\n<ul><li>Consulte na WikiSever os artigos sobre <a rel=\"noreferrer noopener\" href=\"http:\/\/www.museudeseverdovouga.pt\/wikisever\/doku.php?id=castelo\" target=\"_blank\">Cast\u00ealo, em Cedrim<\/a>; <a rel=\"noreferrer noopener\" href=\"http:\/\/www.museudeseverdovouga.pt\/wikisever\/doku.php?id=vale_da_malhada&amp;do=edit\" target=\"_blank\">Vale da Malhada<\/a>.<\/li><li>AAVV (2013) \u2013  Sever do Vouga: C\u00e2mara Municipal<\/li><li>Bettencourt, A. M. dos S. (1988). <a href=\"http:\/\/hdl.handle.net\/1822\/45359\">Os vasos tronco-c\u00f3nicos da esta\u00e7\u00e3o arqueol\u00f3gica do Cast\u00ealo Sever do Vouga<\/a>. <em>Arqueologia<\/em>. Porto. 18, pp. 99-109<\/li><li>Fortes, J. (1905-1908). <a href=\"http:\/\/purl.pt\/260\">Duas J\u00f3ias Archaicas<\/a>. <em>Portug\u00e1lia<\/em>. Porto. 2, pp. 412-416.<\/li><li>Souto, A. (1942). <a rel=\"noreferrer noopener\" href=\"http:\/\/ojs.letras.up.pt\/index.php\/tae\/article\/view\/4496\" target=\"_blank\">Romaniza\u00e7\u00e3o no Baixo Vouga (Novo \u201cOppidum\u201d na zona de Tal\u00e1briga)<\/a>, <em>Trabalhos da Sociedade Portuguesa de Antropologia e Etnologia<\/em>, Porto, vol. XI, 9:4, pp. 283-328<\/li><li>Ramos, Fernando Soares (1998) \u2013 . Sever do Vouga: C\u00e2mara Municipal<\/li><\/ul>\n\n\n\n<div style=\"height:50px\" aria-hidden=\"true\" class=\"wp-block-spacer\"><\/div>\n\n\n\n<div class=\"wp-block-buttons aligncenter is-layout-flex wp-block-buttons-is-layout-flex\">\n<div class=\"wp-block-button is-style-outline\"><a class=\"wp-block-button__link\" href=\"http:\/\/www.museudeseverdovouga.pt\/expo\/?page_id=88\">&lt;&lt;&lt; A ARTE RUPESTRE<\/a><\/div>\n\n\n\n<div class=\"wp-block-button is-style-outline\"><a class=\"wp-block-button__link\" href=\"http:\/\/www.museudeseverdovouga.pt\/expo\/?page_id=108\">ROMANIZA\u00c7\u00c3O &gt;&gt;&gt;<\/a><\/div>\n<\/div>\n\n\n\n<div style=\"height:50px\" aria-hidden=\"true\" class=\"wp-block-spacer\"><\/div>\n","protected":false},"excerpt":{"rendered":"<p>Embora a agricultura continuasse a ser a base de sustento destas popula\u00e7\u00f5es, assiste- se a uma crescente especializa\u00e7\u00e3o artesanal em que a produ\u00e7\u00e3o do bronze (estanho + cobre) vir\u00e1 a criar uma diferencia\u00e7\u00e3o social do trabalho. O artes\u00e3o coabitava junto dos seus, mas a sua capacidade t\u00e9cnica tornava-o um indiv\u00edduo especial, trazendo-lhe prest\u00edgio. Com a [&hellip;]<\/p>\n","protected":false},"author":1,"featured_media":0,"parent":0,"menu_order":7,"comment_status":"closed","ping_status":"closed","template":"","meta":{"footnotes":""},"_links":{"self":[{"href":"https:\/\/www.mm-sever.pt\/expo\/wp-json\/wp\/v2\/pages\/95"}],"collection":[{"href":"https:\/\/www.mm-sever.pt\/expo\/wp-json\/wp\/v2\/pages"}],"about":[{"href":"https:\/\/www.mm-sever.pt\/expo\/wp-json\/wp\/v2\/types\/page"}],"author":[{"embeddable":true,"href":"https:\/\/www.mm-sever.pt\/expo\/wp-json\/wp\/v2\/users\/1"}],"replies":[{"embeddable":true,"href":"https:\/\/www.mm-sever.pt\/expo\/wp-json\/wp\/v2\/comments?post=95"}],"version-history":[{"count":7,"href":"https:\/\/www.mm-sever.pt\/expo\/wp-json\/wp\/v2\/pages\/95\/revisions"}],"predecessor-version":[{"id":186,"href":"https:\/\/www.mm-sever.pt\/expo\/wp-json\/wp\/v2\/pages\/95\/revisions\/186"}],"wp:attachment":[{"href":"https:\/\/www.mm-sever.pt\/expo\/wp-json\/wp\/v2\/media?parent=95"}],"curies":[{"name":"wp","href":"https:\/\/api.w.org\/{rel}","templated":true}]}}